{"id":938,"date":"2025-10-22T16:32:40","date_gmt":"2025-10-22T15:32:40","guid":{"rendered":"https:\/\/athlerk.cluster100.hosting.ovh.net\/?page_id=938"},"modified":"2025-10-24T14:46:22","modified_gmt":"2025-10-24T13:46:22","slug":"lencadrement","status":"publish","type":"page","link":"https:\/\/athlerhuys.fr\/index.php\/lencadrement\/","title":{"rendered":"L&rsquo;encadrement"},"content":{"rendered":"\t\t<div data-elementor-type=\"wp-page\" data-elementor-id=\"938\" class=\"elementor elementor-938\">\n\t\t\t\t<div class=\"elementor-element elementor-element-d56a19b e-flex e-con-boxed e-con e-parent\" data-id=\"d56a19b\" data-element_type=\"container\">\n\t\t\t\t\t<div class=\"e-con-inner\">\n\t\t\t\t<div class=\"elementor-element elementor-element-9709db7 elementor-widget elementor-widget-image\" data-id=\"9709db7\" data-element_type=\"widget\" data-widget_type=\"image.default\">\n\t\t\t\t\t\t\t\t\t\t\t\t<figure class=\"wp-caption\">\n\t\t\t\t\t\t\t\t\t\t<img fetchpriority=\"high\" decoding=\"async\" width=\"1024\" height=\"552\" src=\"https:\/\/athlerhuys.fr\/wp-content\/uploads\/2025\/10\/Encadrement-Ecole-1024x552.png\" class=\"attachment-large size-large wp-image-942\" alt=\"\" srcset=\"https:\/\/athlerhuys.fr\/wp-content\/uploads\/2025\/10\/Encadrement-Ecole-1024x552.png 1024w, https:\/\/athlerhuys.fr\/wp-content\/uploads\/2025\/10\/Encadrement-Ecole-300x162.png 300w, https:\/\/athlerhuys.fr\/wp-content\/uploads\/2025\/10\/Encadrement-Ecole-768x414.png 768w, https:\/\/athlerhuys.fr\/wp-content\/uploads\/2025\/10\/Encadrement-Ecole.png 1200w\" sizes=\"(max-width: 1024px) 100vw, 1024px\" \/>\t\t\t\t\t\t\t\t\t\t\t<figcaption class=\"widget-image-caption wp-caption-text\">Au premier plan : Jonathan, \u00c9ducateur sportif, au dernier rang : quelques-uns des b\u00e9n\u00e9voles qui encadrent l'\u00c9cole d'athl\u00e9.<\/figcaption>\n\t\t\t\t\t\t\t\t\t\t<\/figure>\n\t\t\t\t\t\t\t\t\t<\/div>\n\t\t\t\t<div class=\"elementor-element elementor-element-a7d4f29 elementor-widget elementor-widget-text-editor\" data-id=\"a7d4f29\" data-element_type=\"widget\" data-widget_type=\"text-editor.default\">\n\t\t\t\t\t\t\t\t\t<p>Bient\u00f4t ici, plus d&rsquo;infos sur les entra\u00eeneurs <br \/>et la formidable \u00e9quipe de b\u00e9n\u00e9voles qui animent notre \u00c9cole d&rsquo;athl\u00e9.<\/p>\t\t\t\t\t\t\t\t<\/div>\n\t\t\t\t<div class=\"elementor-element elementor-element-7fc7bba elementor-widget__width-initial elementor-widget elementor-widget-image\" data-id=\"7fc7bba\" data-element_type=\"widget\" data-widget_type=\"image.default\">\n\t\t\t\t\t\t\t\t\t\t\t\t\t\t\t<img decoding=\"async\" width=\"300\" height=\"300\" src=\"https:\/\/athlerhuys.fr\/wp-content\/uploads\/2025\/10\/Page-en-travaux2-300x300.png\" class=\"attachment-medium size-medium wp-image-977\" alt=\"\" srcset=\"https:\/\/athlerhuys.fr\/wp-content\/uploads\/2025\/10\/Page-en-travaux2-300x300.png 300w, https:\/\/athlerhuys.fr\/wp-content\/uploads\/2025\/10\/Page-en-travaux2-1024x1024.png 1024w, https:\/\/athlerhuys.fr\/wp-content\/uploads\/2025\/10\/Page-en-travaux2-150x150.png 150w, https:\/\/athlerhuys.fr\/wp-content\/uploads\/2025\/10\/Page-en-travaux2-768x768.png 768w, https:\/\/athlerhuys.fr\/wp-content\/uploads\/2025\/10\/Page-en-travaux2-1536x1536.png 1536w, https:\/\/athlerhuys.fr\/wp-content\/uploads\/2025\/10\/Page-en-travaux2-600x600.png 600w, https:\/\/athlerhuys.fr\/wp-content\/uploads\/2025\/10\/Page-en-travaux2.png 1772w\" sizes=\"(max-width: 300px) 100vw, 300px\" \/>\t\t\t\t\t\t\t\t\t\t\t\t\t\t\t<\/div>\n\t\t\t\t\t<\/div>\n\t\t\t\t<\/div>\n\t\t\t\t<\/div>\n\t\t","protected":false},"excerpt":{"rendered":"<p>Au premier plan : Jonathan, \u00c9ducateur sportif, au dernier rang : quelques-uns des b\u00e9n\u00e9voles qui encadrent l&rsquo;\u00c9cole d&rsquo;athl\u00e9. Bient\u00f4t ici, plus d&rsquo;infos sur les entra\u00eeneurs et la formidable \u00e9quipe de b\u00e9n\u00e9voles qui animent notre \u00c9cole d&rsquo;athl\u00e9.<\/p>\n","protected":false},"author":1,"featured_media":0,"parent":0,"menu_order":0,"comment_status":"closed","ping_status":"closed","template":"","meta":{"om_disable_all_campaigns":false,"_monsterinsights_skip_tracking":false,"_monsterinsights_sitenote_active":false,"_monsterinsights_sitenote_note":"","_monsterinsights_sitenote_category":0,"ocean_post_layout":"","ocean_both_sidebars_style":"","ocean_both_sidebars_content_width":0,"ocean_both_sidebars_sidebars_width":0,"ocean_sidebar":"","ocean_second_sidebar":"","ocean_disable_margins":"enable","ocean_add_body_class":"","ocean_shortcode_before_top_bar":"","ocean_shortcode_after_top_bar":"","ocean_shortcode_before_header":"","ocean_shortcode_after_header":"","ocean_has_shortcode":"","ocean_shortcode_after_title":"","ocean_shortcode_before_footer_widgets":"","ocean_shortcode_after_footer_widgets":"","ocean_shortcode_before_footer_bottom":"","ocean_shortcode_after_footer_bottom":"","ocean_display_top_bar":"default","ocean_display_header":"default","ocean_header_style":"","ocean_center_header_left_menu":"","ocean_custom_header_template":"","ocean_custom_logo":0,"ocean_custom_retina_logo":0,"ocean_custom_logo_max_width":0,"ocean_custom_logo_tablet_max_width":0,"ocean_custom_logo_mobile_max_width":0,"ocean_custom_logo_max_height":0,"ocean_custom_logo_tablet_max_height":0,"ocean_custom_logo_mobile_max_height":0,"ocean_header_custom_menu":"","ocean_menu_typo_font_family":"","ocean_menu_typo_font_subset":"","ocean_menu_typo_font_size":0,"ocean_menu_typo_font_size_tablet":0,"ocean_menu_typo_font_size_mobile":0,"ocean_menu_typo_font_size_unit":"px","ocean_menu_typo_font_weight":"","ocean_menu_typo_font_weight_tablet":"","ocean_menu_typo_font_weight_mobile":"","ocean_menu_typo_transform":"","ocean_menu_typo_transform_tablet":"","ocean_menu_typo_transform_mobile":"","ocean_menu_typo_line_height":0,"ocean_menu_typo_line_height_tablet":0,"ocean_menu_typo_line_height_mobile":0,"ocean_menu_typo_line_height_unit":"","ocean_menu_typo_spacing":0,"ocean_menu_typo_spacing_tablet":0,"ocean_menu_typo_spacing_mobile":0,"ocean_menu_typo_spacing_unit":"","ocean_menu_link_color":"","ocean_menu_link_color_hover":"","ocean_menu_link_color_active":"","ocean_menu_link_background":"","ocean_menu_link_hover_background":"","ocean_menu_link_active_background":"","ocean_menu_social_links_bg":"","ocean_menu_social_hover_links_bg":"","ocean_menu_social_links_color":"","ocean_menu_social_hover_links_color":"","ocean_disable_title":"default","ocean_disable_heading":"default","ocean_post_title":"","ocean_post_subheading":"","ocean_post_title_style":"","ocean_post_title_background_color":"","ocean_post_title_background":0,"ocean_post_title_bg_image_position":"","ocean_post_title_bg_image_attachment":"","ocean_post_title_bg_image_repeat":"","ocean_post_title_bg_image_size":"","ocean_post_title_height":0,"ocean_post_title_bg_overlay":0.5,"ocean_post_title_bg_overlay_color":"","ocean_disable_breadcrumbs":"default","ocean_breadcrumbs_color":"","ocean_breadcrumbs_separator_color":"","ocean_breadcrumbs_links_color":"","ocean_breadcrumbs_links_hover_color":"","ocean_display_footer_widgets":"default","ocean_display_footer_bottom":"default","ocean_custom_footer_template":"","omw_enable_modal_window":"enable","footnotes":""},"class_list":["post-938","page","type-page","status-publish","hentry","entry"],"aioseo_notices":[],"_links":{"self":[{"href":"https:\/\/athlerhuys.fr\/index.php\/wp-json\/wp\/v2\/pages\/938","targetHints":{"allow":["GET"]}}],"collection":[{"href":"https:\/\/athlerhuys.fr\/index.php\/wp-json\/wp\/v2\/pages"}],"about":[{"href":"https:\/\/athlerhuys.fr\/index.php\/wp-json\/wp\/v2\/types\/page"}],"author":[{"embeddable":true,"href":"https:\/\/athlerhuys.fr\/index.php\/wp-json\/wp\/v2\/users\/1"}],"replies":[{"embeddable":true,"href":"https:\/\/athlerhuys.fr\/index.php\/wp-json\/wp\/v2\/comments?post=938"}],"version-history":[{"count":16,"href":"https:\/\/athlerhuys.fr\/index.php\/wp-json\/wp\/v2\/pages\/938\/revisions"}],"predecessor-version":[{"id":1173,"href":"https:\/\/athlerhuys.fr\/index.php\/wp-json\/wp\/v2\/pages\/938\/revisions\/1173"}],"wp:attachment":[{"href":"https:\/\/athlerhuys.fr\/index.php\/wp-json\/wp\/v2\/media?parent=938"}],"curies":[{"name":"wp","href":"https:\/\/api.w.org\/{rel}","templated":true}]}}