{"id":586,"date":"2025-10-20T16:14:34","date_gmt":"2025-10-20T15:14:34","guid":{"rendered":"https:\/\/athlerk.cluster100.hosting.ovh.net\/?page_id=586"},"modified":"2025-12-18T18:37:25","modified_gmt":"2025-12-18T17:37:25","slug":"le-conseil-dadministration-2","status":"publish","type":"page","link":"https:\/\/athlerhuys.fr\/index.php\/le-conseil-dadministration-2\/","title":{"rendered":"Le Conseil d&rsquo;administration"},"content":{"rendered":"\t\t<div data-elementor-type=\"wp-page\" data-elementor-id=\"586\" class=\"elementor elementor-586\">\n\t\t\t\t<div class=\"elementor-element elementor-element-9de2833 e-con-full e-flex e-con e-parent\" data-id=\"9de2833\" data-element_type=\"container\">\n\t\t\t\t<div class=\"elementor-element elementor-element-b7d9836 elementor-widget elementor-widget-text-editor\" data-id=\"b7d9836\" data-element_type=\"widget\" data-widget_type=\"text-editor.default\">\n\t\t\t\t\t\t\t\t\t<p>Le Conseil d&rsquo;administration (CA) se compose de 12 membres maximum, \u00e9lus pour 3 ans. Quatre membre du CA peuvent \u00eatre renouvel\u00e9s chaque ann\u00e9e.<br \/>Le CA se r\u00e9unit environ une fois par mois pour prendre toutes d\u00e9cisions concernant la vie du club.<\/p>\t\t\t\t\t\t\t\t<\/div>\n\t\t\t\t<\/div>\n\t\t<div class=\"elementor-element elementor-element-b5fa9a2 e-con-full e-flex e-con e-parent\" data-id=\"b5fa9a2\" data-element_type=\"container\">\n\t\t\t\t<div class=\"elementor-element elementor-element-e20871f elementor-widget__width-initial elementor-widget-tablet__width-initial elementor-widget-mobile__width-initial elementor-widget elementor-widget-image\" data-id=\"e20871f\" data-element_type=\"widget\" data-widget_type=\"image.default\">\n\t\t\t\t\t\t\t\t\t\t\t\t<figure class=\"wp-caption\">\n\t\t\t\t\t\t\t\t\t\t<img fetchpriority=\"high\" decoding=\"async\" width=\"768\" height=\"237\" src=\"https:\/\/athlerhuys.fr\/wp-content\/uploads\/2025\/12\/CA-Telegramme-768x237.png\" class=\"attachment-medium_large size-medium_large wp-image-1392\" alt=\"\" srcset=\"https:\/\/athlerhuys.fr\/wp-content\/uploads\/2025\/12\/CA-Telegramme-768x237.png 768w, https:\/\/athlerhuys.fr\/wp-content\/uploads\/2025\/12\/CA-Telegramme-300x92.png 300w, https:\/\/athlerhuys.fr\/wp-content\/uploads\/2025\/12\/CA-Telegramme-1024x316.png 1024w, https:\/\/athlerhuys.fr\/wp-content\/uploads\/2025\/12\/CA-Telegramme.png 1486w\" sizes=\"(max-width: 768px) 100vw, 768px\" \/>\t\t\t\t\t\t\t\t\t\t\t<figcaption class=\"widget-image-caption wp-caption-text\">Photo : Le T\u00e9l\u00e9gramme<\/figcaption>\n\t\t\t\t\t\t\t\t\t\t<\/figure>\n\t\t\t\t\t\t\t\t\t<\/div>\n\t\t\t\t<div class=\"elementor-element elementor-element-745f35d elementor-widget elementor-widget-text-editor\" data-id=\"745f35d\" data-element_type=\"widget\" data-widget_type=\"text-editor.default\">\n\t\t\t\t\t\t\t\t\t<p>Composition du CA<br \/>apr\u00e8s l&rsquo;AG du 17 octobre 2025\u00a0<\/p>\t\t\t\t\t\t\t\t<\/div>\n\t\t\t\t<\/div>\n\t\t<div class=\"elementor-element elementor-element-9b2bc71 e-grid e-con-full e-con e-parent\" data-id=\"9b2bc71\" data-element_type=\"container\">\n\t\t\t\t<div class=\"elementor-element elementor-element-979fc1b elementor-widget__width-initial elementor-widget elementor-widget-text-editor\" data-id=\"979fc1b\" data-element_type=\"widget\" data-widget_type=\"text-editor.default\">\n\t\t\t\t\t\t\t\t\t<p><strong>Le Bureau<\/strong><\/p><p><strong>Co-pr\u00e9sidents<\/strong><br \/>C\u00e9cile Bisiaux (12)<br \/>Vincent Ch\u00e9y\u00e8re (8)<\/p><p><strong>Secr\u00e9taire<\/strong><br \/>Aline Guillam (11)<\/p><p><strong>Tr\u00e9sorier<\/strong><br \/>Vincent Verheyde (3)<\/p>\t\t\t\t\t\t\t\t<\/div>\n\t\t\t\t<div class=\"elementor-element elementor-element-2da9eb0 elementor-widget__width-initial elementor-widget-mobile__width-initial elementor-widget elementor-widget-text-editor\" data-id=\"2da9eb0\" data-element_type=\"widget\" data-widget_type=\"text-editor.default\">\n\t\t\t\t\t\t\t\t\t<p>1- <strong>C\u00e9line David<\/strong>, animations sportives et amicales<\/p><p>2- <strong>Bertrand Marchand<\/strong>, r\u00e9f\u00e9rent formation et contact CD56<\/p><p>3- <strong>Vincent Verheyde<\/strong>, tr\u00e9sorier<\/p><p>4- <strong>Fran\u00e7oise Ferr\u00e9<\/strong>, secr\u00e9taire \u00c9cole d&rsquo;athl\u00e9<\/p><p><span style=\"color: var( --e-global-color-text ); font-size: 14px; letter-spacing: 0px;\">5- <strong>Patrick Jugan<\/strong>, relations partenaires<\/span><\/p><p><span style=\"color: var( --e-global-color-text ); font-size: 14px; letter-spacing: 0px;\">6- <strong>Ronan Piro<\/strong>, r\u00e9seaux sociaux et achats textiles<\/span><\/p><p><span style=\"color: var( --e-global-color-text ); font-size: 14px; letter-spacing: 0px;\">7- <strong>Alice Burel<\/strong>, secr\u00e9taire-adjointe et responsable de l&rsquo;\u00c9cole d&rsquo;athl\u00e9<\/span><\/p><p><span style=\"color: var( --e-global-color-text ); font-size: 14px; letter-spacing: 0px;\">8- <strong>Vincent Ch\u00e9y\u00e8re<\/strong>, co-pr\u00e9sident<\/span><\/p><p><span style=\"color: var( --e-global-color-text ); font-size: 14px; letter-spacing: 0px;\">9- <strong>Gabriel M\u00e9nard<\/strong>, relations presse<\/span><\/p><p><span style=\"color: var( --e-global-color-text ); font-size: 14px; letter-spacing: 0px;\">10- <strong>Jean-Claude Maniez<\/strong>, site internet et com visuelle<\/span><\/p><p><span style=\"color: var( --e-global-color-text ); font-size: 14px; letter-spacing: 0px;\">11- <strong>Aline Guillam<\/strong>, secr\u00e9taire<\/span><\/p><p><span style=\"color: var( --e-global-color-text ); font-size: 14px; letter-spacing: 0px;\">12- <strong>C\u00e9cile Bisiaux<\/strong>, co-pr\u00e9sidente et tr\u00e9sori\u00e8re-adjointe<\/span><\/p>\t\t\t\t\t\t\t\t<\/div>\n\t\t\t\t<\/div>\n\t\t<div class=\"elementor-element elementor-element-ca4da20 e-flex e-con-boxed e-con e-parent\" data-id=\"ca4da20\" data-element_type=\"container\">\n\t\t\t\t\t<div class=\"e-con-inner\">\n\t\t\t\t<div class=\"elementor-element elementor-element-7efe349 elementor-widget elementor-widget-text-editor\" data-id=\"7efe349\" data-element_type=\"widget\" data-widget_type=\"text-editor.default\">\n\t\t\t\t\t\t\t\t\t<p>Le compte-rendu de l&rsquo;Assembl\u00e9e g\u00e9n\u00e9rale<br \/><span style=\"text-decoration: underline;\"><a title=\"Compte-rendu de l'Assembl\u00e9e g\u00e9n\u00e9rale\" href=\"http:\/\/athlerhuys.fr\/wp-content\/uploads\/2025\/12\/CR-AG-2025.pdf\" target=\"_blank\" rel=\"noopener\">se trouve ici.<\/a><\/span><\/p>\t\t\t\t\t\t\t\t<\/div>\n\t\t\t\t<div class=\"elementor-element elementor-element-f9960f2 elementor-widget elementor-widget-heading\" data-id=\"f9960f2\" data-element_type=\"widget\" data-widget_type=\"heading.default\">\n\t\t\t\t\t<h5 class=\"elementor-heading-title elementor-size-default\">Conseil d\u2019administration<\/h5>\t\t\t\t<\/div>\n\t\t\t\t\t<\/div>\n\t\t\t\t<\/div>\n\t\t<div class=\"elementor-element elementor-element-53b6153 e-con-full e-flex e-con e-parent\" data-id=\"53b6153\" data-element_type=\"container\">\n\t\t\t\t<div class=\"elementor-element elementor-element-100e647 elementor-widget elementor-widget-text-editor\" data-id=\"100e647\" data-element_type=\"widget\" data-widget_type=\"text-editor.default\">\n\t\t\t\t\t\t\t\t\t<p><strong>Du mercredi 17 d\u00e9cembre 2025<\/strong><\/p><p><strong>Ordre du jour<\/strong><\/p><p>&#8211; Point sur les partenariats, par Patrick et Ronan<span class=\"Apple-converted-space\">\u00a0<\/span><\/p><p>&#8211; Retour sur l\u2019AG d\u2019Athl\u00e9 pays de Vannes, par Vincent et Vincent<\/p><p>&#8211; Debrief T\u00e9l\u00e9thon<\/p><p>&#8211; Communication sur les \u00a0r\u00e9unions du CA<\/p><p>&#8211; D\u00e9bat sur la proposition de Bertand : organisation course suppl\u00e9mentaire, <br \/>et sur la f\u00eate des 40 ans du club en 2027<\/p><p>&#8211; Point sur les engagements \u00e0 la course de Plo\u00ebrmel, par C\u00e9line<span class=\"Apple-converted-space\">\u00a0<\/span><\/p><p>&#8211; Point financier + pr\u00e9visionnel, par Vincent<\/p><p>&#8211; Point sur le paiement des maillots, Ronan et Vincent<span class=\"Apple-converted-space\">\u00a0<\/span><\/p><p>&#8211; Point d\u2019\u00e9tape sur les formations, par Bertrand<span class=\"Apple-converted-space\">\u00a0<\/span><\/p><p>&#8211; Formation secouriste, par Fran\u00e7oise<span class=\"Apple-converted-space\">\u00a0<\/span><\/p><p>&#8211; Prochaine AG CDA56<\/p><p>Le prochain CA aura lieu le lundi 19 janvier 2026.<\/p>\t\t\t\t\t\t\t\t<\/div>\n\t\t\t\t<\/div>\n\t\t<div class=\"elementor-element elementor-element-1c48de1 e-flex e-con-boxed e-con e-parent\" data-id=\"1c48de1\" data-element_type=\"container\">\n\t\t\t\t\t<div class=\"e-con-inner\">\n\t\t\t\t\t<\/div>\n\t\t\t\t<\/div>\n\t\t\t\t<\/div>\n\t\t","protected":false},"excerpt":{"rendered":"<p>Le Conseil d&rsquo;administration (CA) se compose de 12 membres maximum, \u00e9lus pour 3 ans. Quatre membre du CA peuvent \u00eatre renouvel\u00e9s chaque ann\u00e9e.Le CA se r\u00e9unit environ une fois par mois pour prendre toutes d\u00e9cisions concernant la vie du club. Photo : Le T\u00e9l\u00e9gramme Composition du CAapr\u00e8s l&rsquo;AG du 17 octobre 2025\u00a0 Le Bureau Co-pr\u00e9sidentsC\u00e9cile [&hellip;]<\/p>\n","protected":false},"author":1,"featured_media":0,"parent":0,"menu_order":0,"comment_status":"closed","ping_status":"closed","template":"","meta":{"om_disable_all_campaigns":false,"_monsterinsights_skip_tracking":false,"_monsterinsights_sitenote_active":false,"_monsterinsights_sitenote_note":"","_monsterinsights_sitenote_category":0,"ocean_post_layout":"","ocean_both_sidebars_style":"","ocean_both_sidebars_content_width":0,"ocean_both_sidebars_sidebars_width":0,"ocean_sidebar":"","ocean_second_sidebar":"","ocean_disable_margins":"enable","ocean_add_body_class":"","ocean_shortcode_before_top_bar":"","ocean_shortcode_after_top_bar":"","ocean_shortcode_before_header":"","ocean_shortcode_after_header":"","ocean_has_shortcode":"","ocean_shortcode_after_title":"","ocean_shortcode_before_footer_widgets":"","ocean_shortcode_after_footer_widgets":"","ocean_shortcode_before_footer_bottom":"","ocean_shortcode_after_footer_bottom":"","ocean_display_top_bar":"default","ocean_display_header":"default","ocean_header_style":"","ocean_center_header_left_menu":"","ocean_custom_header_template":"","ocean_custom_logo":0,"ocean_custom_retina_logo":0,"ocean_custom_logo_max_width":0,"ocean_custom_logo_tablet_max_width":0,"ocean_custom_logo_mobile_max_width":0,"ocean_custom_logo_max_height":0,"ocean_custom_logo_tablet_max_height":0,"ocean_custom_logo_mobile_max_height":0,"ocean_header_custom_menu":"","ocean_menu_typo_font_family":"","ocean_menu_typo_font_subset":"","ocean_menu_typo_font_size":0,"ocean_menu_typo_font_size_tablet":0,"ocean_menu_typo_font_size_mobile":0,"ocean_menu_typo_font_size_unit":"px","ocean_menu_typo_font_weight":"","ocean_menu_typo_font_weight_tablet":"","ocean_menu_typo_font_weight_mobile":"","ocean_menu_typo_transform":"","ocean_menu_typo_transform_tablet":"","ocean_menu_typo_transform_mobile":"","ocean_menu_typo_line_height":0,"ocean_menu_typo_line_height_tablet":0,"ocean_menu_typo_line_height_mobile":0,"ocean_menu_typo_line_height_unit":"","ocean_menu_typo_spacing":0,"ocean_menu_typo_spacing_tablet":0,"ocean_menu_typo_spacing_mobile":0,"ocean_menu_typo_spacing_unit":"","ocean_menu_link_color":"","ocean_menu_link_color_hover":"","ocean_menu_link_color_active":"","ocean_menu_link_background":"","ocean_menu_link_hover_background":"","ocean_menu_link_active_background":"","ocean_menu_social_links_bg":"","ocean_menu_social_hover_links_bg":"","ocean_menu_social_links_color":"","ocean_menu_social_hover_links_color":"","ocean_disable_title":"default","ocean_disable_heading":"default","ocean_post_title":"","ocean_post_subheading":"","ocean_post_title_style":"","ocean_post_title_background_color":"","ocean_post_title_background":0,"ocean_post_title_bg_image_position":"","ocean_post_title_bg_image_attachment":"","ocean_post_title_bg_image_repeat":"","ocean_post_title_bg_image_size":"","ocean_post_title_height":0,"ocean_post_title_bg_overlay":0.5,"ocean_post_title_bg_overlay_color":"","ocean_disable_breadcrumbs":"default","ocean_breadcrumbs_color":"","ocean_breadcrumbs_separator_color":"","ocean_breadcrumbs_links_color":"","ocean_breadcrumbs_links_hover_color":"","ocean_display_footer_widgets":"default","ocean_display_footer_bottom":"default","ocean_custom_footer_template":"","omw_enable_modal_window":"enable","footnotes":""},"class_list":["post-586","page","type-page","status-publish","hentry","entry"],"aioseo_notices":[],"_links":{"self":[{"href":"https:\/\/athlerhuys.fr\/index.php\/wp-json\/wp\/v2\/pages\/586","targetHints":{"allow":["GET"]}}],"collection":[{"href":"https:\/\/athlerhuys.fr\/index.php\/wp-json\/wp\/v2\/pages"}],"about":[{"href":"https:\/\/athlerhuys.fr\/index.php\/wp-json\/wp\/v2\/types\/page"}],"author":[{"embeddable":true,"href":"https:\/\/athlerhuys.fr\/index.php\/wp-json\/wp\/v2\/users\/1"}],"replies":[{"embeddable":true,"href":"https:\/\/athlerhuys.fr\/index.php\/wp-json\/wp\/v2\/comments?post=586"}],"version-history":[{"count":100,"href":"https:\/\/athlerhuys.fr\/index.php\/wp-json\/wp\/v2\/pages\/586\/revisions"}],"predecessor-version":[{"id":1523,"href":"https:\/\/athlerhuys.fr\/index.php\/wp-json\/wp\/v2\/pages\/586\/revisions\/1523"}],"wp:attachment":[{"href":"https:\/\/athlerhuys.fr\/index.php\/wp-json\/wp\/v2\/media?parent=586"}],"curies":[{"name":"wp","href":"https:\/\/api.w.org\/{rel}","templated":true}]}}