{"id":496,"date":"2025-10-20T14:15:34","date_gmt":"2025-10-20T13:15:34","guid":{"rendered":"https:\/\/athlerk.cluster100.hosting.ovh.net\/?page_id=496"},"modified":"2025-10-24T14:45:15","modified_gmt":"2025-10-24T13:45:15","slug":"benjamins-minimes-2","status":"publish","type":"page","link":"https:\/\/athlerhuys.fr\/index.php\/benjamins-minimes-2\/","title":{"rendered":"Benjamins Minimes"},"content":{"rendered":"\t\t<div data-elementor-type=\"wp-page\" data-elementor-id=\"496\" class=\"elementor elementor-496\">\n\t\t\t\t<div class=\"elementor-element elementor-element-0210af3 e-flex e-con-boxed e-con e-parent\" data-id=\"0210af3\" data-element_type=\"container\">\n\t\t\t\t\t<div class=\"e-con-inner\">\n\t\t\t\t<div class=\"elementor-element elementor-element-4f8a09f elementor-widget elementor-widget-text-editor\" data-id=\"4f8a09f\" data-element_type=\"widget\" data-widget_type=\"text-editor.default\">\n\t\t\t\t\t\t\t\t\t<p>Vous souhaitez inscrire votre enfant \u00e0 Athl\u00e9-Rhuys pour la saison 2025-2026,<br \/><a href=\"http:\/\/athlerhuys.fr\/wp-content\/uploads\/2025\/10\/Adh-Enfants-25-26.pdf\"><span style=\"text-decoration: underline;\">le dossier d&rsquo;adh\u00e9sion se trouve ici<\/span><\/a><\/p>\t\t\t\t\t\t\t\t<\/div>\n\t\t\t\t<div class=\"elementor-element elementor-element-e34c73a elementor-widget__width-initial elementor-widget elementor-widget-image\" data-id=\"e34c73a\" data-element_type=\"widget\" data-widget_type=\"image.default\">\n\t\t\t\t\t\t\t\t\t\t\t\t<figure class=\"wp-caption\">\n\t\t\t\t\t\t\t\t\t\t<img fetchpriority=\"high\" decoding=\"async\" width=\"768\" height=\"509\" src=\"https:\/\/athlerhuys.fr\/wp-content\/uploads\/2025\/10\/Benjamines-e1760972026800-768x509.jpg\" class=\"attachment-medium_large size-medium_large wp-image-577\" alt=\"\" srcset=\"https:\/\/athlerhuys.fr\/wp-content\/uploads\/2025\/10\/Benjamines-e1760972026800-768x509.jpg 768w, https:\/\/athlerhuys.fr\/wp-content\/uploads\/2025\/10\/Benjamines-e1760972026800-300x199.jpg 300w, https:\/\/athlerhuys.fr\/wp-content\/uploads\/2025\/10\/Benjamines-e1760972026800-1024x679.jpg 1024w, https:\/\/athlerhuys.fr\/wp-content\/uploads\/2025\/10\/Benjamines-e1760972026800-1536x1018.jpg 1536w, https:\/\/athlerhuys.fr\/wp-content\/uploads\/2025\/10\/Benjamines-e1760972026800.jpg 1840w\" sizes=\"(max-width: 768px) 100vw, 768px\" \/>\t\t\t\t\t\t\t\t\t\t\t<figcaption class=\"widget-image-caption wp-caption-text\">L'\u00e9quipe de relais benjamine<\/figcaption>\n\t\t\t\t\t\t\t\t\t\t<\/figure>\n\t\t\t\t\t\t\t\t\t<\/div>\n\t\t\t\t<div class=\"elementor-element elementor-element-86c16cc elementor-widget elementor-widget-heading\" data-id=\"86c16cc\" data-element_type=\"widget\" data-widget_type=\"heading.default\">\n\t\t\t\t\t<h2 class=\"elementor-heading-title elementor-size-default\">Informations g\u00e9n\u00e9rales<\/h2>\t\t\t\t<\/div>\n\t\t\t\t<div class=\"elementor-element elementor-element-ba527ab elementor-widget__width-initial elementor-widget-mobile__width-initial elementor-widget elementor-widget-text-editor\" data-id=\"ba527ab\" data-element_type=\"widget\" data-widget_type=\"text-editor.default\">\n\t\t\t\t\t\t\t\t\t<p>Mardi 16 septembre\u00a0: Premier entrainement\u00a0<br \/>Mardi 23 Juin\u00a0: Dernier entrainement<\/p><p>Cr\u00e9neaux d\u2019entrainement\u00a0:\u00a0<br \/>&#8211; Pour les BE\/MIN : mardi de 17h30 \u00e0 19h et samedi de 11h \u00e0 12h30\u00a0<br \/>&#8211; Pour les CA et + : mardi de 18h30 \u00e0 20h, jeudi de 18h30 \u00e0 20h, samedi de 11h \u00e0 12h30<\/p><p>Pas d\u2019entrainement pendant les vacances scolaires et le pont de l\u2019ascension. <br \/>Entrainement tous les samedis avant les vacances scolaires\u00a0: soit les : 19\/10, 21\/12, 08\/02 et 05\/04<\/p><p>Pas d\u2019entrainement quand il y a une comp\u00e9tition le jour m\u00eame.<\/p><p>L\u2019entrainement commencera toujours par un \u00e9chauffement.<br \/>La ponctualit\u00e9 est importante. Pr\u00e9voir gourde, tenue adapt\u00e9e et gouter.<br \/>Entrainement privil\u00e9gi\u00e9 sur la piste d\u2019athl\u00e9tisme de Sarzeau.<br \/>Salle multisports de repli en cas de mauvais temps les samedis matin.<\/p><p>\u261eLe samedi matin 4 avril, rencontre inter-club \u00e0 Sarzeau.<br \/>Vos enfants pourront aider \u00e0 l\u2019organisation de cette rencontre<\/p><p>\u261eEn juin\u00a0: porte ouverte de l\u2019\u00e9cole<\/p>\t\t\t\t\t\t\t\t<\/div>\n\t\t\t\t<div class=\"elementor-element elementor-element-dc5d37d elementor-widget elementor-widget-heading\" data-id=\"dc5d37d\" data-element_type=\"widget\" data-widget_type=\"heading.default\">\n\t\t\t\t\t<h3 class=\"elementor-heading-title elementor-size-default\">Calendrier pr\u00e9visionnel des comp\u00e9titions<\/h3>\t\t\t\t<\/div>\n\t\t\t\t<div class=\"elementor-element elementor-element-40055de elementor-widget__width-initial elementor-widget elementor-widget-image\" data-id=\"40055de\" data-element_type=\"widget\" data-widget_type=\"image.default\">\n\t\t\t\t\t\t\t\t\t\t\t\t\t\t\t<img decoding=\"async\" width=\"768\" height=\"947\" src=\"https:\/\/athlerhuys.fr\/wp-content\/uploads\/2025\/10\/Calendrier-BM-768x947.png\" class=\"attachment-medium_large size-medium_large wp-image-546\" alt=\"\" srcset=\"https:\/\/athlerhuys.fr\/wp-content\/uploads\/2025\/10\/Calendrier-BM-768x947.png 768w, https:\/\/athlerhuys.fr\/wp-content\/uploads\/2025\/10\/Calendrier-BM-243x300.png 243w, https:\/\/athlerhuys.fr\/wp-content\/uploads\/2025\/10\/Calendrier-BM-831x1024.png 831w, https:\/\/athlerhuys.fr\/wp-content\/uploads\/2025\/10\/Calendrier-BM.png 1228w\" sizes=\"(max-width: 768px) 100vw, 768px\" \/>\t\t\t\t\t\t\t\t\t\t\t\t\t\t\t<\/div>\n\t\t\t\t\t<\/div>\n\t\t\t\t<\/div>\n\t\t\t\t<\/div>\n\t\t","protected":false},"excerpt":{"rendered":"<p>Vous souhaitez inscrire votre enfant \u00e0 Athl\u00e9-Rhuys pour la saison 2025-2026,le dossier d&rsquo;adh\u00e9sion se trouve ici L&rsquo;\u00e9quipe de relais benjamine Informations g\u00e9n\u00e9rales Mardi 16 septembre\u00a0: Premier entrainement\u00a0Mardi 23 Juin\u00a0: Dernier entrainement Cr\u00e9neaux d\u2019entrainement\u00a0:\u00a0&#8211; Pour les BE\/MIN : mardi de 17h30 \u00e0 19h et samedi de 11h \u00e0 12h30\u00a0&#8211; Pour les CA et + : mardi [&hellip;]<\/p>\n","protected":false},"author":1,"featured_media":0,"parent":0,"menu_order":0,"comment_status":"closed","ping_status":"closed","template":"","meta":{"om_disable_all_campaigns":false,"_monsterinsights_skip_tracking":false,"_monsterinsights_sitenote_active":false,"_monsterinsights_sitenote_note":"","_monsterinsights_sitenote_category":0,"ocean_post_layout":"","ocean_both_sidebars_style":"","ocean_both_sidebars_content_width":0,"ocean_both_sidebars_sidebars_width":0,"ocean_sidebar":"","ocean_second_sidebar":"","ocean_disable_margins":"enable","ocean_add_body_class":"","ocean_shortcode_before_top_bar":"","ocean_shortcode_after_top_bar":"","ocean_shortcode_before_header":"","ocean_shortcode_after_header":"","ocean_has_shortcode":"","ocean_shortcode_after_title":"","ocean_shortcode_before_footer_widgets":"","ocean_shortcode_after_footer_widgets":"","ocean_shortcode_before_footer_bottom":"","ocean_shortcode_after_footer_bottom":"","ocean_display_top_bar":"default","ocean_display_header":"default","ocean_header_style":"","ocean_center_header_left_menu":"","ocean_custom_header_template":"","ocean_custom_logo":0,"ocean_custom_retina_logo":0,"ocean_custom_logo_max_width":0,"ocean_custom_logo_tablet_max_width":0,"ocean_custom_logo_mobile_max_width":0,"ocean_custom_logo_max_height":0,"ocean_custom_logo_tablet_max_height":0,"ocean_custom_logo_mobile_max_height":0,"ocean_header_custom_menu":"","ocean_menu_typo_font_family":"","ocean_menu_typo_font_subset":"","ocean_menu_typo_font_size":0,"ocean_menu_typo_font_size_tablet":0,"ocean_menu_typo_font_size_mobile":0,"ocean_menu_typo_font_size_unit":"px","ocean_menu_typo_font_weight":"","ocean_menu_typo_font_weight_tablet":"","ocean_menu_typo_font_weight_mobile":"","ocean_menu_typo_transform":"","ocean_menu_typo_transform_tablet":"","ocean_menu_typo_transform_mobile":"","ocean_menu_typo_line_height":0,"ocean_menu_typo_line_height_tablet":0,"ocean_menu_typo_line_height_mobile":0,"ocean_menu_typo_line_height_unit":"","ocean_menu_typo_spacing":0,"ocean_menu_typo_spacing_tablet":0,"ocean_menu_typo_spacing_mobile":0,"ocean_menu_typo_spacing_unit":"","ocean_menu_link_color":"","ocean_menu_link_color_hover":"","ocean_menu_link_color_active":"","ocean_menu_link_background":"","ocean_menu_link_hover_background":"","ocean_menu_link_active_background":"","ocean_menu_social_links_bg":"","ocean_menu_social_hover_links_bg":"","ocean_menu_social_links_color":"","ocean_menu_social_hover_links_color":"","ocean_disable_title":"default","ocean_disable_heading":"default","ocean_post_title":"","ocean_post_subheading":"","ocean_post_title_style":"","ocean_post_title_background_color":"","ocean_post_title_background":0,"ocean_post_title_bg_image_position":"","ocean_post_title_bg_image_attachment":"","ocean_post_title_bg_image_repeat":"","ocean_post_title_bg_image_size":"","ocean_post_title_height":0,"ocean_post_title_bg_overlay":0.5,"ocean_post_title_bg_overlay_color":"","ocean_disable_breadcrumbs":"default","ocean_breadcrumbs_color":"","ocean_breadcrumbs_separator_color":"","ocean_breadcrumbs_links_color":"","ocean_breadcrumbs_links_hover_color":"","ocean_display_footer_widgets":"default","ocean_display_footer_bottom":"default","ocean_custom_footer_template":"","omw_enable_modal_window":"enable","footnotes":""},"class_list":["post-496","page","type-page","status-publish","hentry","entry"],"aioseo_notices":[],"_links":{"self":[{"href":"https:\/\/athlerhuys.fr\/index.php\/wp-json\/wp\/v2\/pages\/496","targetHints":{"allow":["GET"]}}],"collection":[{"href":"https:\/\/athlerhuys.fr\/index.php\/wp-json\/wp\/v2\/pages"}],"about":[{"href":"https:\/\/athlerhuys.fr\/index.php\/wp-json\/wp\/v2\/types\/page"}],"author":[{"embeddable":true,"href":"https:\/\/athlerhuys.fr\/index.php\/wp-json\/wp\/v2\/users\/1"}],"replies":[{"embeddable":true,"href":"https:\/\/athlerhuys.fr\/index.php\/wp-json\/wp\/v2\/comments?post=496"}],"version-history":[{"count":55,"href":"https:\/\/athlerhuys.fr\/index.php\/wp-json\/wp\/v2\/pages\/496\/revisions"}],"predecessor-version":[{"id":1170,"href":"https:\/\/athlerhuys.fr\/index.php\/wp-json\/wp\/v2\/pages\/496\/revisions\/1170"}],"wp:attachment":[{"href":"https:\/\/athlerhuys.fr\/index.php\/wp-json\/wp\/v2\/media?parent=496"}],"curies":[{"name":"wp","href":"https:\/\/api.w.org\/{rel}","templated":true}]}}