{"id":316,"date":"2025-10-16T14:55:29","date_gmt":"2025-10-16T13:55:29","guid":{"rendered":"https:\/\/athlerk.cluster100.hosting.ovh.net\/?page_id=316"},"modified":"2025-10-30T12:07:16","modified_gmt":"2025-10-30T11:07:16","slug":"evenements","status":"publish","type":"page","link":"https:\/\/athlerhuys.fr\/index.php\/evenements\/","title":{"rendered":"\u00c9v\u00e9nements"},"content":{"rendered":"\t\t<div data-elementor-type=\"wp-page\" data-elementor-id=\"316\" class=\"elementor elementor-316\">\n\t\t\t\t<div class=\"elementor-element elementor-element-72540c1b e-con-full e-flex e-con e-parent\" data-id=\"72540c1b\" data-element_type=\"container\">\n\t\t\t\t<div class=\"elementor-element elementor-element-229f479 elementor-widget elementor-widget-heading\" data-id=\"229f479\" data-element_type=\"widget\" data-widget_type=\"heading.default\">\n\t\t\t\t\t<h2 class=\"elementor-heading-title elementor-size-default\">Sur les sentiers et sur la piste<\/h2>\t\t\t\t<\/div>\n\t\t\t\t<div class=\"elementor-element elementor-element-a72983f elementor-widget__width-initial elementor-widget-tablet__width-initial elementor-widget elementor-widget-text-editor\" data-id=\"a72983f\" data-element_type=\"widget\" data-widget_type=\"text-editor.default\">\n\t\t\t\t\t\t\t\t\t<p>Les deux \u00e9v\u00e9nements ouverts \u00e0 tous qu\u2019organise Athl\u00e9-Rhuys sont les Courses nature de Brillac, le 3<sup>\u00e8me<\/sup> jeudi d\u2019ao\u00fbt, et l\u2019\u00e9v\u00e9nement T\u00e9l\u00e9thon,<span class=\"Apple-converted-space\">\u00a0 <\/span>le 1<sup>er<\/sup> samedi de d\u00e9cembre.<\/p>\t\t\t\t\t\t\t\t<\/div>\n\t\t<div class=\"elementor-element elementor-element-b5b81cf e-grid e-con-full e-con e-child\" data-id=\"b5b81cf\" data-element_type=\"container\">\n\t\t\t\t<div class=\"elementor-element elementor-element-554d147 elementor-widget__width-initial elementor-widget elementor-widget-image\" data-id=\"554d147\" data-element_type=\"widget\" data-widget_type=\"image.default\">\n\t\t\t\t\t\t\t\t\t\t\t\t\t\t\t<img fetchpriority=\"high\" decoding=\"async\" width=\"768\" height=\"1085\" src=\"https:\/\/athlerhuys.fr\/wp-content\/uploads\/2025\/10\/Affiche-FB-768x1085.png\" class=\"attachment-medium_large size-medium_large wp-image-949\" alt=\"\" srcset=\"https:\/\/athlerhuys.fr\/wp-content\/uploads\/2025\/10\/Affiche-FB-768x1085.png 768w, https:\/\/athlerhuys.fr\/wp-content\/uploads\/2025\/10\/Affiche-FB-212x300.png 212w, https:\/\/athlerhuys.fr\/wp-content\/uploads\/2025\/10\/Affiche-FB-725x1024.png 725w, https:\/\/athlerhuys.fr\/wp-content\/uploads\/2025\/10\/Affiche-FB.png 900w\" sizes=\"(max-width: 768px) 100vw, 768px\" \/>\t\t\t\t\t\t\t\t\t\t\t\t\t\t\t<\/div>\n\t\t\t\t<div class=\"elementor-element elementor-element-2045b18 elementor-widget__width-initial elementor-widget elementor-widget-image\" data-id=\"2045b18\" data-element_type=\"widget\" data-widget_type=\"image.default\">\n\t\t\t\t\t\t\t\t\t\t\t\t\t\t\t<img decoding=\"async\" src=\"http:\/\/athlerhuys.fr\/wp-content\/uploads\/2025\/10\/Affiche-format-mail.png\" title=\"\" alt=\"\" loading=\"lazy\" \/>\t\t\t\t\t\t\t\t\t\t\t\t\t\t\t<\/div>\n\t\t\t\t<\/div>\n\t\t\t\t<\/div>\n\t\t<div class=\"elementor-element elementor-element-b7b1eec e-con-full e-flex e-con e-parent\" data-id=\"b7b1eec\" data-element_type=\"container\">\n\t\t\t\t<div class=\"elementor-element elementor-element-e208d7b elementor-widget__width-initial elementor-widget-tablet__width-initial elementor-widget elementor-widget-text-editor\" data-id=\"e208d7b\" data-element_type=\"widget\" data-widget_type=\"text-editor.default\">\n\t\t\t\t\t\t\t\t\t<p>Bient\u00f4t ici, plus d&rsquo;infos sur ces \u00e9v\u00e9nements et bien plus encore&#8230;<\/p>\t\t\t\t\t\t\t\t<\/div>\n\t\t\t\t<div class=\"elementor-element elementor-element-c048989 elementor-widget__width-initial elementor-widget-tablet__width-initial elementor-widget-mobile__width-initial elementor-widget elementor-widget-image\" data-id=\"c048989\" data-element_type=\"widget\" data-widget_type=\"image.default\">\n\t\t\t\t\t\t\t\t\t\t\t\t\t\t\t<img decoding=\"async\" width=\"300\" height=\"300\" src=\"https:\/\/athlerhuys.fr\/wp-content\/uploads\/2025\/10\/Page-en-Travaux-3-300x300.png\" class=\"attachment-medium size-medium wp-image-1103\" alt=\"\" srcset=\"https:\/\/athlerhuys.fr\/wp-content\/uploads\/2025\/10\/Page-en-Travaux-3-300x300.png 300w, https:\/\/athlerhuys.fr\/wp-content\/uploads\/2025\/10\/Page-en-Travaux-3-150x150.png 150w, https:\/\/athlerhuys.fr\/wp-content\/uploads\/2025\/10\/Page-en-Travaux-3-768x768.png 768w, https:\/\/athlerhuys.fr\/wp-content\/uploads\/2025\/10\/Page-en-Travaux-3-600x600.png 600w, https:\/\/athlerhuys.fr\/wp-content\/uploads\/2025\/10\/Page-en-Travaux-3.png 1024w\" sizes=\"(max-width: 300px) 100vw, 300px\" \/>\t\t\t\t\t\t\t\t\t\t\t\t\t\t\t<\/div>\n\t\t\t\t<\/div>\n\t\t\t\t<\/div>\n\t\t","protected":false},"excerpt":{"rendered":"<p>Sur les sentiers et sur la piste Les deux \u00e9v\u00e9nements ouverts \u00e0 tous qu\u2019organise Athl\u00e9-Rhuys sont les Courses nature de Brillac, le 3\u00e8me jeudi d\u2019ao\u00fbt, et l\u2019\u00e9v\u00e9nement T\u00e9l\u00e9thon,\u00a0 le 1er samedi de d\u00e9cembre. Bient\u00f4t ici, plus d&rsquo;infos sur ces \u00e9v\u00e9nements et bien plus encore&#8230;<\/p>\n","protected":false},"author":1,"featured_media":0,"parent":0,"menu_order":0,"comment_status":"closed","ping_status":"closed","template":"","meta":{"om_disable_all_campaigns":false,"_monsterinsights_skip_tracking":false,"_monsterinsights_sitenote_active":false,"_monsterinsights_sitenote_note":"","_monsterinsights_sitenote_category":0,"ocean_post_layout":"","ocean_both_sidebars_style":"","ocean_both_sidebars_content_width":0,"ocean_both_sidebars_sidebars_width":0,"ocean_sidebar":"","ocean_second_sidebar":"","ocean_disable_margins":"enable","ocean_add_body_class":"","ocean_shortcode_before_top_bar":"","ocean_shortcode_after_top_bar":"","ocean_shortcode_before_header":"","ocean_shortcode_after_header":"","ocean_has_shortcode":"","ocean_shortcode_after_title":"","ocean_shortcode_before_footer_widgets":"","ocean_shortcode_after_footer_widgets":"","ocean_shortcode_before_footer_bottom":"","ocean_shortcode_after_footer_bottom":"","ocean_display_top_bar":"default","ocean_display_header":"default","ocean_header_style":"","ocean_center_header_left_menu":"","ocean_custom_header_template":"","ocean_custom_logo":0,"ocean_custom_retina_logo":0,"ocean_custom_logo_max_width":0,"ocean_custom_logo_tablet_max_width":0,"ocean_custom_logo_mobile_max_width":0,"ocean_custom_logo_max_height":0,"ocean_custom_logo_tablet_max_height":0,"ocean_custom_logo_mobile_max_height":0,"ocean_header_custom_menu":"","ocean_menu_typo_font_family":"","ocean_menu_typo_font_subset":"","ocean_menu_typo_font_size":0,"ocean_menu_typo_font_size_tablet":0,"ocean_menu_typo_font_size_mobile":0,"ocean_menu_typo_font_size_unit":"px","ocean_menu_typo_font_weight":"","ocean_menu_typo_font_weight_tablet":"","ocean_menu_typo_font_weight_mobile":"","ocean_menu_typo_transform":"","ocean_menu_typo_transform_tablet":"","ocean_menu_typo_transform_mobile":"","ocean_menu_typo_line_height":0,"ocean_menu_typo_line_height_tablet":0,"ocean_menu_typo_line_height_mobile":0,"ocean_menu_typo_line_height_unit":"","ocean_menu_typo_spacing":0,"ocean_menu_typo_spacing_tablet":0,"ocean_menu_typo_spacing_mobile":0,"ocean_menu_typo_spacing_unit":"","ocean_menu_link_color":"","ocean_menu_link_color_hover":"","ocean_menu_link_color_active":"","ocean_menu_link_background":"","ocean_menu_link_hover_background":"","ocean_menu_link_active_background":"","ocean_menu_social_links_bg":"","ocean_menu_social_hover_links_bg":"","ocean_menu_social_links_color":"","ocean_menu_social_hover_links_color":"","ocean_disable_title":"default","ocean_disable_heading":"default","ocean_post_title":"","ocean_post_subheading":"","ocean_post_title_style":"","ocean_post_title_background_color":"","ocean_post_title_background":0,"ocean_post_title_bg_image_position":"","ocean_post_title_bg_image_attachment":"","ocean_post_title_bg_image_repeat":"","ocean_post_title_bg_image_size":"","ocean_post_title_height":0,"ocean_post_title_bg_overlay":0.5,"ocean_post_title_bg_overlay_color":"","ocean_disable_breadcrumbs":"default","ocean_breadcrumbs_color":"","ocean_breadcrumbs_separator_color":"","ocean_breadcrumbs_links_color":"","ocean_breadcrumbs_links_hover_color":"","ocean_display_footer_widgets":"default","ocean_display_footer_bottom":"default","ocean_custom_footer_template":"","omw_enable_modal_window":"enable","footnotes":""},"class_list":["post-316","page","type-page","status-publish","hentry","entry"],"aioseo_notices":[],"_links":{"self":[{"href":"https:\/\/athlerhuys.fr\/index.php\/wp-json\/wp\/v2\/pages\/316","targetHints":{"allow":["GET"]}}],"collection":[{"href":"https:\/\/athlerhuys.fr\/index.php\/wp-json\/wp\/v2\/pages"}],"about":[{"href":"https:\/\/athlerhuys.fr\/index.php\/wp-json\/wp\/v2\/types\/page"}],"author":[{"embeddable":true,"href":"https:\/\/athlerhuys.fr\/index.php\/wp-json\/wp\/v2\/users\/1"}],"replies":[{"embeddable":true,"href":"https:\/\/athlerhuys.fr\/index.php\/wp-json\/wp\/v2\/comments?post=316"}],"version-history":[{"count":28,"href":"https:\/\/athlerhuys.fr\/index.php\/wp-json\/wp\/v2\/pages\/316\/revisions"}],"predecessor-version":[{"id":1192,"href":"https:\/\/athlerhuys.fr\/index.php\/wp-json\/wp\/v2\/pages\/316\/revisions\/1192"}],"wp:attachment":[{"href":"https:\/\/athlerhuys.fr\/index.php\/wp-json\/wp\/v2\/media?parent=316"}],"curies":[{"name":"wp","href":"https:\/\/api.w.org\/{rel}","templated":true}]}}