{"id":261,"date":"2025-10-15T15:39:26","date_gmt":"2025-10-15T14:39:26","guid":{"rendered":"https:\/\/athlerk.cluster100.hosting.ovh.net\/?page_id=261"},"modified":"2025-10-31T16:13:36","modified_gmt":"2025-10-31T15:13:36","slug":"lecole-dathle","status":"publish","type":"page","link":"https:\/\/athlerhuys.fr\/index.php\/lecole-dathle\/","title":{"rendered":"L&rsquo;\u00e9cole d&rsquo;athl\u00e9"},"content":{"rendered":"\t\t<div data-elementor-type=\"wp-page\" data-elementor-id=\"261\" class=\"elementor elementor-261\">\n\t\t\t\t<div class=\"elementor-element elementor-element-eea73cb e-con-full e-flex e-con e-parent\" data-id=\"eea73cb\" data-element_type=\"container\">\n\t\t\t\t<div class=\"elementor-element elementor-element-156414a elementor-widget__width-initial elementor-widget-mobile__width-initial elementor-widget elementor-widget-heading\" data-id=\"156414a\" data-element_type=\"widget\" data-widget_type=\"heading.default\">\n\t\t\t\t\t<h1 class=\"elementor-heading-title elementor-size-default\">L\u2019\u00e9cole d\u2019athl\u00e9tisme<div>pour apprendre&nbsp;<span style=\"font-size: 36px\">en s'amusant<\/span><span style=\"font-family: Arial, sans-serif;font-size: 36px\"><\/span><\/div><\/h1>\t\t\t\t<\/div>\n\t\t\t\t<div class=\"elementor-element elementor-element-3ac46b1 elementor-widget elementor-widget-text-editor\" data-id=\"3ac46b1\" data-element_type=\"widget\" data-widget_type=\"text-editor.default\">\n\t\t\t\t\t\t\t\t\t<p>Nous avons cr\u00e9\u00e9 l\u2019\u00e9cole d\u2019athl\u00e9tisme en septembre 2022. <br \/>Pour l\u2019\u00e9quipe du club, c\u2019\u00e9tait un saut dans l\u2019inconnu.<\/p>\t\t\t\t\t\t\t\t<\/div>\n\t\t\t\t<div class=\"elementor-element elementor-element-71f15ab elementor-widget__width-initial elementor-widget-mobile__width-initial elementor-widget elementor-widget-text-editor\" data-id=\"71f15ab\" data-element_type=\"widget\" data-widget_type=\"text-editor.default\">\n\t\t\t\t\t\t\t\t\t<p>Elle a d\u00e9marr\u00e9 avec 27 filles et gar\u00e7ons, de 6 \u00e0 11 ans. En septembre 2023, ils-elles \u00e9taient 44, puis 55 \u00e0 la rentr\u00e9e 2024 et 70 cette ann\u00e9e. Nous ouvrons un nouveau cr\u00e9neau d\u2019entra\u00eenement chaque ann\u00e9e. En 2025-26, c\u2019est au tour des cadettes et cadets.<br \/>Beaucoup de ces enfants sont avec nous depuis le d\u00e9but. Ils s\u2019amusent, prennent du plaisir, se d\u00e9couvrent des aptitudes, progressent. En participant \u00e0 la saison de cross, aux championnats d\u00e9partementaux, les plus grands ont d\u00e9couvert la comp\u00e9tition et y prennent go\u00fbt. Avec d\u00e9j\u00e0 des r\u00e9sultats prometteurs. Les plus petits courent, sautent, lancent avec d\u2019autres athl\u00e8tes en herbe lors de\u00a0 rencontres inter-clubs.<br \/>En 2024, Jonathan, notre \u00e9ducateur sportif dipl\u00f4m\u00e9, a \u00e9t\u00e9 rejoint par Jacques, entra\u00eeneur \u00e9galement certifi\u00e9. Et ils peuvent compter sur une formidable \u00e9quipe de b\u00e9n\u00e9voles.<br \/>Aujourd\u2019hui, j\u2019en suis convaincue : le saut dans l\u2019inconnu \u00e9tait un grand pas vers l\u2019avenir pour Athl\u00e9-Rhuys. La silhouette d\u2019enfant apparue sur notre nouveau logo en est le symbole.<\/p>\t\t\t\t\t\t\t\t<\/div>\n\t\t\t\t<div class=\"elementor-element elementor-element-763831e elementor-widget elementor-widget-text-editor\" data-id=\"763831e\" data-element_type=\"widget\" data-widget_type=\"text-editor.default\">\n\t\t\t\t\t\t\t\t\t<p><em>Alice Burel, responsable de l\u2019\u00e9cole d\u2019athl\u00e9tisme<\/em><\/p>\t\t\t\t\t\t\t\t<\/div>\n\t\t\t\t<div class=\"elementor-element elementor-element-a1ebed6 elementor-widget__width-initial elementor-widget elementor-widget-image\" data-id=\"a1ebed6\" data-element_type=\"widget\" data-widget_type=\"image.default\">\n\t\t\t\t\t\t\t\t\t\t\t\t\t\t\t<img fetchpriority=\"high\" decoding=\"async\" width=\"244\" height=\"268\" src=\"https:\/\/athlerhuys.fr\/wp-content\/uploads\/2025\/10\/Alice-B-crop.png\" class=\"attachment-large size-large wp-image-272\" alt=\"\" \/>\t\t\t\t\t\t\t\t\t\t\t\t\t\t\t<\/div>\n\t\t\t\t<div class=\"elementor-element elementor-element-ebf91a3 elementor-widget__width-initial elementor-widget elementor-widget-text-editor\" data-id=\"ebf91a3\" data-element_type=\"widget\" data-widget_type=\"text-editor.default\">\n\t\t\t\t\t\t\t\t\t<p>Vous souhaitez inscrire votre enfant \u00e0 Athl\u00e9-Rhuys pour la saison 2025-2026,<br \/><a href=\"http:\/\/athlerhuys.fr\/wp-content\/uploads\/2025\/10\/Adh-Enfants-25-26.pdf\"><span style=\"text-decoration: underline;\">le dossier d&rsquo;adh\u00e9sion se trouve ici<\/span><\/a><\/p>\t\t\t\t\t\t\t\t<\/div>\n\t\t\t\t<div class=\"elementor-element elementor-element-180558f elementor-widget elementor-widget-image\" data-id=\"180558f\" data-element_type=\"widget\" data-widget_type=\"image.default\">\n\t\t\t\t\t\t\t\t\t\t\t\t<figure class=\"wp-caption\">\n\t\t\t\t\t\t\t\t\t\t<img decoding=\"async\" width=\"1536\" height=\"1152\" src=\"https:\/\/athlerhuys.fr\/wp-content\/uploads\/2025\/10\/Pele-mele1-1536x1152.png\" class=\"attachment-1536x1536 size-1536x1536 wp-image-200\" alt=\"\" srcset=\"https:\/\/athlerhuys.fr\/wp-content\/uploads\/2025\/10\/Pele-mele1-1536x1152.png 1536w, https:\/\/athlerhuys.fr\/wp-content\/uploads\/2025\/10\/Pele-mele1-300x225.png 300w, https:\/\/athlerhuys.fr\/wp-content\/uploads\/2025\/10\/Pele-mele1-1024x768.png 1024w, https:\/\/athlerhuys.fr\/wp-content\/uploads\/2025\/10\/Pele-mele1-768x576.png 768w, https:\/\/athlerhuys.fr\/wp-content\/uploads\/2025\/10\/Pele-mele1-2048x1536.png 2048w\" sizes=\"(max-width: 1536px) 100vw, 1536px\" \/>\t\t\t\t\t\t\t\t\t\t\t<figcaption class=\"widget-image-caption wp-caption-text\">Courir, sauter, lancer. Les enfants s'initient aux bases de l'athl\u00e9tisme.<\/figcaption>\n\t\t\t\t\t\t\t\t\t\t<\/figure>\n\t\t\t\t\t\t\t\t\t<\/div>\n\t\t\t\t<div class=\"elementor-element elementor-element-2bb5c0e elementor-widget__width-initial elementor-widget elementor-widget-heading\" data-id=\"2bb5c0e\" data-element_type=\"widget\" data-widget_type=\"heading.default\">\n\t\t\t\t\t<h2 class=\"elementor-heading-title elementor-size-default\">Cat\u00e9gories d'\u00e2ges 2026 \n(\u00e0 compter du 1er septembre 2025)<br><\/h2>\t\t\t\t<\/div>\n\t\t\t\t<div class=\"elementor-element elementor-element-3710dea elementor-widget__width-initial elementor-widget-tablet__width-initial elementor-widget-mobile__width-initial elementor-widget elementor-widget-image\" data-id=\"3710dea\" data-element_type=\"widget\" data-widget_type=\"image.default\">\n\t\t\t\t\t\t\t\t\t\t\t\t\t\t\t<img decoding=\"async\" width=\"768\" height=\"437\" src=\"https:\/\/athlerhuys.fr\/wp-content\/uploads\/2025\/10\/Categ-Ages-768x437.png\" class=\"attachment-medium_large size-medium_large wp-image-1051\" alt=\"\" srcset=\"https:\/\/athlerhuys.fr\/wp-content\/uploads\/2025\/10\/Categ-Ages-768x437.png 768w, https:\/\/athlerhuys.fr\/wp-content\/uploads\/2025\/10\/Categ-Ages-300x171.png 300w, https:\/\/athlerhuys.fr\/wp-content\/uploads\/2025\/10\/Categ-Ages.png 1006w\" sizes=\"(max-width: 768px) 100vw, 768px\" \/>\t\t\t\t\t\t\t\t\t\t\t\t\t\t\t<\/div>\n\t\t\t\t<div class=\"elementor-element elementor-element-5debc40 elementor-align-center elementor-widget__width-initial elementor-widget elementor-widget-button\" data-id=\"5debc40\" data-element_type=\"widget\" data-widget_type=\"button.default\">\n\t\t\t\t\t\t\t\t\t\t<a class=\"elementor-button elementor-button-link elementor-size-sm\" href=\"http:\/\/athlerhuys.fr\/wp-content\/uploads\/2025\/10\/25-26-Rgt-Ecole-dathle.pdf\" target=\"_blank\" download=\"\">\n\t\t\t\t\t\t<span class=\"elementor-button-content-wrapper\">\n\t\t\t\t\t\t\t\t\t<span class=\"elementor-button-text\">Cliquez ici pour t\u00e9l\u00e9charger le r\u00e8glement int\u00e9rieur de l'\u00c9cole d'athl\u00e9<\/span>\n\t\t\t\t\t<\/span>\n\t\t\t\t\t<\/a>\n\t\t\t\t\t\t\t\t<\/div>\n\t\t\t\t<div class=\"elementor-element elementor-element-2435733 elementor-widget elementor-widget-text-editor\" data-id=\"2435733\" data-element_type=\"widget\" data-widget_type=\"text-editor.default\">\n\t\t\t\t\t\t\t\t\t<p>Vous souhaitez inscrire votre enfant \u00e0 Athl\u00e9-Rhuys pour la saison 2025-2026,<br \/><a href=\"http:\/\/athlerhuys.fr\/wp-content\/uploads\/2025\/10\/Adh-Enfants-25-26.pdf\"><span style=\"text-decoration: underline;\">le dossier d&rsquo;adh\u00e9sion se trouve ici<\/span><\/a><\/p>\t\t\t\t\t\t\t\t<\/div>\n\t\t\t\t<\/div>\n\t\t\t\t<\/div>\n\t\t","protected":false},"excerpt":{"rendered":"<p>L\u2019\u00e9cole d\u2019athl\u00e9tismepour apprendre&nbsp;en s&rsquo;amusant Nous avons cr\u00e9\u00e9 l\u2019\u00e9cole d\u2019athl\u00e9tisme en septembre 2022. Pour l\u2019\u00e9quipe du club, c\u2019\u00e9tait un saut dans l\u2019inconnu. Elle a d\u00e9marr\u00e9 avec 27 filles et gar\u00e7ons, de 6 \u00e0 11 ans. En septembre 2023, ils-elles \u00e9taient 44, puis 55 \u00e0 la rentr\u00e9e 2024 et 70 cette ann\u00e9e. Nous ouvrons un nouveau cr\u00e9neau [&hellip;]<\/p>\n","protected":false},"author":1,"featured_media":0,"parent":0,"menu_order":0,"comment_status":"closed","ping_status":"closed","template":"","meta":{"om_disable_all_campaigns":false,"_monsterinsights_skip_tracking":false,"_monsterinsights_sitenote_active":false,"_monsterinsights_sitenote_note":"","_monsterinsights_sitenote_category":0,"ocean_post_layout":"","ocean_both_sidebars_style":"","ocean_both_sidebars_content_width":0,"ocean_both_sidebars_sidebars_width":0,"ocean_sidebar":"","ocean_second_sidebar":"","ocean_disable_margins":"enable","ocean_add_body_class":"","ocean_shortcode_before_top_bar":"","ocean_shortcode_after_top_bar":"","ocean_shortcode_before_header":"","ocean_shortcode_after_header":"","ocean_has_shortcode":"","ocean_shortcode_after_title":"","ocean_shortcode_before_footer_widgets":"","ocean_shortcode_after_footer_widgets":"","ocean_shortcode_before_footer_bottom":"","ocean_shortcode_after_footer_bottom":"","ocean_display_top_bar":"default","ocean_display_header":"default","ocean_header_style":"","ocean_center_header_left_menu":"","ocean_custom_header_template":"","ocean_custom_logo":0,"ocean_custom_retina_logo":0,"ocean_custom_logo_max_width":0,"ocean_custom_logo_tablet_max_width":0,"ocean_custom_logo_mobile_max_width":0,"ocean_custom_logo_max_height":0,"ocean_custom_logo_tablet_max_height":0,"ocean_custom_logo_mobile_max_height":0,"ocean_header_custom_menu":"","ocean_menu_typo_font_family":"","ocean_menu_typo_font_subset":"","ocean_menu_typo_font_size":0,"ocean_menu_typo_font_size_tablet":0,"ocean_menu_typo_font_size_mobile":0,"ocean_menu_typo_font_size_unit":"px","ocean_menu_typo_font_weight":"","ocean_menu_typo_font_weight_tablet":"","ocean_menu_typo_font_weight_mobile":"","ocean_menu_typo_transform":"","ocean_menu_typo_transform_tablet":"","ocean_menu_typo_transform_mobile":"","ocean_menu_typo_line_height":0,"ocean_menu_typo_line_height_tablet":0,"ocean_menu_typo_line_height_mobile":0,"ocean_menu_typo_line_height_unit":"","ocean_menu_typo_spacing":0,"ocean_menu_typo_spacing_tablet":0,"ocean_menu_typo_spacing_mobile":0,"ocean_menu_typo_spacing_unit":"","ocean_menu_link_color":"","ocean_menu_link_color_hover":"","ocean_menu_link_color_active":"","ocean_menu_link_background":"","ocean_menu_link_hover_background":"","ocean_menu_link_active_background":"","ocean_menu_social_links_bg":"","ocean_menu_social_hover_links_bg":"","ocean_menu_social_links_color":"","ocean_menu_social_hover_links_color":"","ocean_disable_title":"default","ocean_disable_heading":"default","ocean_post_title":"","ocean_post_subheading":"","ocean_post_title_style":"","ocean_post_title_background_color":"","ocean_post_title_background":0,"ocean_post_title_bg_image_position":"","ocean_post_title_bg_image_attachment":"","ocean_post_title_bg_image_repeat":"","ocean_post_title_bg_image_size":"","ocean_post_title_height":0,"ocean_post_title_bg_overlay":0.5,"ocean_post_title_bg_overlay_color":"","ocean_disable_breadcrumbs":"default","ocean_breadcrumbs_color":"","ocean_breadcrumbs_separator_color":"","ocean_breadcrumbs_links_color":"","ocean_breadcrumbs_links_hover_color":"","ocean_display_footer_widgets":"default","ocean_display_footer_bottom":"default","ocean_custom_footer_template":"","omw_enable_modal_window":"enable","footnotes":""},"class_list":["post-261","page","type-page","status-publish","hentry","entry"],"aioseo_notices":[],"_links":{"self":[{"href":"https:\/\/athlerhuys.fr\/index.php\/wp-json\/wp\/v2\/pages\/261","targetHints":{"allow":["GET"]}}],"collection":[{"href":"https:\/\/athlerhuys.fr\/index.php\/wp-json\/wp\/v2\/pages"}],"about":[{"href":"https:\/\/athlerhuys.fr\/index.php\/wp-json\/wp\/v2\/types\/page"}],"author":[{"embeddable":true,"href":"https:\/\/athlerhuys.fr\/index.php\/wp-json\/wp\/v2\/users\/1"}],"replies":[{"embeddable":true,"href":"https:\/\/athlerhuys.fr\/index.php\/wp-json\/wp\/v2\/comments?post=261"}],"version-history":[{"count":153,"href":"https:\/\/athlerhuys.fr\/index.php\/wp-json\/wp\/v2\/pages\/261\/revisions"}],"predecessor-version":[{"id":1332,"href":"https:\/\/athlerhuys.fr\/index.php\/wp-json\/wp\/v2\/pages\/261\/revisions\/1332"}],"wp:attachment":[{"href":"https:\/\/athlerhuys.fr\/index.php\/wp-json\/wp\/v2\/media?parent=261"}],"curies":[{"name":"wp","href":"https:\/\/api.w.org\/{rel}","templated":true}]}}