{"id":160,"date":"2025-10-14T21:12:38","date_gmt":"2025-10-14T20:12:38","guid":{"rendered":"https:\/\/athlerk.cluster100.hosting.ovh.net\/?page_id=160"},"modified":"2025-12-10T11:38:50","modified_gmt":"2025-12-10T10:38:50","slug":"le-club","status":"publish","type":"page","link":"https:\/\/athlerhuys.fr\/index.php\/le-club\/","title":{"rendered":"Le club"},"content":{"rendered":"\t\t<div data-elementor-type=\"wp-page\" data-elementor-id=\"160\" class=\"elementor elementor-160\">\n\t\t\t\t<div class=\"elementor-element elementor-element-8c9cbdf e-con-full e-flex e-con e-parent\" data-id=\"8c9cbdf\" data-element_type=\"container\">\n\t\t\t\t<div class=\"elementor-element elementor-element-fad12ce elementor-widget__width-initial elementor-widget-tablet__width-initial elementor-widget elementor-widget-image\" data-id=\"fad12ce\" data-element_type=\"widget\" data-widget_type=\"image.default\">\n\t\t\t\t\t\t\t\t\t\t\t\t<figure class=\"wp-caption\">\n\t\t\t\t\t\t\t\t\t\t<img fetchpriority=\"high\" decoding=\"async\" width=\"768\" height=\"934\" src=\"http:\/\/athlerhuys.fr\/wp-content\/uploads\/2025\/11\/Le-Clubx2-768x934.png\" class=\"attachment-medium_large size-medium_large wp-image-1365\" alt=\"\" srcset=\"http:\/\/athlerhuys.fr\/wp-content\/uploads\/2025\/11\/Le-Clubx2-768x934.png 768w, http:\/\/athlerhuys.fr\/wp-content\/uploads\/2025\/11\/Le-Clubx2-247x300.png 247w, http:\/\/athlerhuys.fr\/wp-content\/uploads\/2025\/11\/Le-Clubx2-842x1024.png 842w, http:\/\/athlerhuys.fr\/wp-content\/uploads\/2025\/11\/Le-Clubx2.png 1200w\" sizes=\"(max-width: 768px) 100vw, 768px\" \/>\t\t\t\t\t\t\t\t\t\t\t<figcaption class=\"widget-image-caption wp-caption-text\"><\/figcaption>\n\t\t\t\t\t\t\t\t\t\t<\/figure>\n\t\t\t\t\t\t\t\t\t<\/div>\n\t\t\t\t<div class=\"elementor-element elementor-element-150efc4 elementor-widget elementor-widget-heading\" data-id=\"150efc4\" data-element_type=\"widget\" data-widget_type=\"heading.default\">\n\t\t\t\t\t<h2 class=\"elementor-heading-title elementor-size-default\">Une croissance continue<\/h2>\t\t\t\t<\/div>\n\t\t\t\t<div class=\"elementor-element elementor-element-f4d1858 elementor-widget__width-initial elementor-widget-tablet__width-initial elementor-widget elementor-widget-text-editor\" data-id=\"f4d1858\" data-element_type=\"widget\" data-widget_type=\"text-editor.default\">\n\t\t\t\t\t\t\t\t\t<p>En 1987, quelques coureurs, habitu\u00e9s \u00e0 se croiser sur les chemins, cr\u00e9ent une association avec pour objet \u00ab <em>l\u2019organisation, le d\u00e9veloppement et le contr\u00f4le de la pratique des sports athl\u00e9tiques, allant de la marche \u00e0 la course \u00e0 pied sous toutes ses formes et sur tous types de comp\u00e9titions sportives <\/em>\u00bb. Athl\u00e9-Rhuys r\u00e9unit aujourd\u2019hui plus de 170 adh\u00e9rents, dont un tiers d\u2019enfants. Affili\u00e9 \u00e0 la F\u00e9d\u00e9ration fran\u00e7aise d\u2019athl\u00e9tisme (FFA), Athl\u00e9-Rhuys est membre d\u2019Athl\u00e9 pays de Vannes (APV).<\/p>\t\t\t\t\t\t\t\t<\/div>\n\t\t\t\t<\/div>\n\t\t<div class=\"elementor-element elementor-element-7166622 e-flex e-con-boxed e-con e-parent\" data-id=\"7166622\" data-element_type=\"container\">\n\t\t\t\t\t<div class=\"e-con-inner\">\n\t\t\t\t<div class=\"elementor-element elementor-element-1bba5bf elementor-widget elementor-widget-heading\" data-id=\"1bba5bf\" data-element_type=\"widget\" data-widget_type=\"heading.default\">\n\t\t\t\t\t<h2 class=\"elementor-heading-title elementor-size-default\">Planning des entra\u00eenements hebdomadaires<\/h2>\t\t\t\t<\/div>\n\t\t\t\t\t<\/div>\n\t\t\t\t<\/div>\n\t\t<div class=\"elementor-element elementor-element-90fcf8b e-flex e-con-boxed e-con e-parent\" data-id=\"90fcf8b\" data-element_type=\"container\">\n\t\t\t\t\t<div class=\"e-con-inner\">\n\t\t\t\t<div class=\"elementor-element elementor-element-d1d9bbd elementor-widget elementor-widget-image\" data-id=\"d1d9bbd\" data-element_type=\"widget\" data-widget_type=\"image.default\">\n\t\t\t\t\t\t\t\t\t\t\t\t\t\t\t<img decoding=\"async\" width=\"1024\" height=\"884\" src=\"http:\/\/athlerhuys.fr\/wp-content\/uploads\/2025\/12\/Tablo-Entrain-1024x884.png\" class=\"attachment-large size-large wp-image-1502\" alt=\"\" srcset=\"http:\/\/athlerhuys.fr\/wp-content\/uploads\/2025\/12\/Tablo-Entrain-1024x884.png 1024w, http:\/\/athlerhuys.fr\/wp-content\/uploads\/2025\/12\/Tablo-Entrain-300x259.png 300w, http:\/\/athlerhuys.fr\/wp-content\/uploads\/2025\/12\/Tablo-Entrain-768x663.png 768w, http:\/\/athlerhuys.fr\/wp-content\/uploads\/2025\/12\/Tablo-Entrain-1536x1326.png 1536w, http:\/\/athlerhuys.fr\/wp-content\/uploads\/2025\/12\/Tablo-Entrain-2048x1768.png 2048w\" sizes=\"(max-width: 1024px) 100vw, 1024px\" \/>\t\t\t\t\t\t\t\t\t\t\t\t\t\t\t<\/div>\n\t\t\t\t\t<\/div>\n\t\t\t\t<\/div>\n\t\t\t\t<\/div>\n\t\t","protected":false},"excerpt":{"rendered":"<p>Une croissance continue En 1987, quelques coureurs, habitu\u00e9s \u00e0 se croiser sur les chemins, cr\u00e9ent une association avec pour objet \u00ab l\u2019organisation, le d\u00e9veloppement et le contr\u00f4le de la pratique des sports athl\u00e9tiques, allant de la marche \u00e0 la course \u00e0 pied sous toutes ses formes et sur tous types de comp\u00e9titions sportives \u00bb. Athl\u00e9-Rhuys [&hellip;]<\/p>\n","protected":false},"author":1,"featured_media":0,"parent":0,"menu_order":0,"comment_status":"closed","ping_status":"closed","template":"","meta":{"om_disable_all_campaigns":false,"_monsterinsights_skip_tracking":false,"_monsterinsights_sitenote_active":false,"_monsterinsights_sitenote_note":"","_monsterinsights_sitenote_category":0,"ocean_post_layout":"","ocean_both_sidebars_style":"","ocean_both_sidebars_content_width":0,"ocean_both_sidebars_sidebars_width":0,"ocean_sidebar":"","ocean_second_sidebar":"","ocean_disable_margins":"enable","ocean_add_body_class":"","ocean_shortcode_before_top_bar":"","ocean_shortcode_after_top_bar":"","ocean_shortcode_before_header":"","ocean_shortcode_after_header":"","ocean_has_shortcode":"","ocean_shortcode_after_title":"","ocean_shortcode_before_footer_widgets":"","ocean_shortcode_after_footer_widgets":"","ocean_shortcode_before_footer_bottom":"","ocean_shortcode_after_footer_bottom":"","ocean_display_top_bar":"default","ocean_display_header":"default","ocean_header_style":"","ocean_center_header_left_menu":"","ocean_custom_header_template":"","ocean_custom_logo":0,"ocean_custom_retina_logo":0,"ocean_custom_logo_max_width":0,"ocean_custom_logo_tablet_max_width":0,"ocean_custom_logo_mobile_max_width":0,"ocean_custom_logo_max_height":0,"ocean_custom_logo_tablet_max_height":0,"ocean_custom_logo_mobile_max_height":0,"ocean_header_custom_menu":"","ocean_menu_typo_font_family":"","ocean_menu_typo_font_subset":"","ocean_menu_typo_font_size":0,"ocean_menu_typo_font_size_tablet":0,"ocean_menu_typo_font_size_mobile":0,"ocean_menu_typo_font_size_unit":"px","ocean_menu_typo_font_weight":"","ocean_menu_typo_font_weight_tablet":"","ocean_menu_typo_font_weight_mobile":"","ocean_menu_typo_transform":"","ocean_menu_typo_transform_tablet":"","ocean_menu_typo_transform_mobile":"","ocean_menu_typo_line_height":0,"ocean_menu_typo_line_height_tablet":0,"ocean_menu_typo_line_height_mobile":0,"ocean_menu_typo_line_height_unit":"","ocean_menu_typo_spacing":0,"ocean_menu_typo_spacing_tablet":0,"ocean_menu_typo_spacing_mobile":0,"ocean_menu_typo_spacing_unit":"","ocean_menu_link_color":"","ocean_menu_link_color_hover":"","ocean_menu_link_color_active":"","ocean_menu_link_background":"","ocean_menu_link_hover_background":"","ocean_menu_link_active_background":"","ocean_menu_social_links_bg":"","ocean_menu_social_hover_links_bg":"","ocean_menu_social_links_color":"","ocean_menu_social_hover_links_color":"","ocean_disable_title":"default","ocean_disable_heading":"default","ocean_post_title":"","ocean_post_subheading":"","ocean_post_title_style":"","ocean_post_title_background_color":"","ocean_post_title_background":0,"ocean_post_title_bg_image_position":"","ocean_post_title_bg_image_attachment":"","ocean_post_title_bg_image_repeat":"","ocean_post_title_bg_image_size":"","ocean_post_title_height":0,"ocean_post_title_bg_overlay":0.5,"ocean_post_title_bg_overlay_color":"","ocean_disable_breadcrumbs":"default","ocean_breadcrumbs_color":"","ocean_breadcrumbs_separator_color":"","ocean_breadcrumbs_links_color":"","ocean_breadcrumbs_links_hover_color":"","ocean_display_footer_widgets":"default","ocean_display_footer_bottom":"default","ocean_custom_footer_template":"","omw_enable_modal_window":"enable","footnotes":""},"class_list":["post-160","page","type-page","status-publish","hentry","entry"],"aioseo_notices":[],"_links":{"self":[{"href":"https:\/\/athlerhuys.fr\/index.php\/wp-json\/wp\/v2\/pages\/160","targetHints":{"allow":["GET"]}}],"collection":[{"href":"https:\/\/athlerhuys.fr\/index.php\/wp-json\/wp\/v2\/pages"}],"about":[{"href":"https:\/\/athlerhuys.fr\/index.php\/wp-json\/wp\/v2\/types\/page"}],"author":[{"embeddable":true,"href":"https:\/\/athlerhuys.fr\/index.php\/wp-json\/wp\/v2\/users\/1"}],"replies":[{"embeddable":true,"href":"https:\/\/athlerhuys.fr\/index.php\/wp-json\/wp\/v2\/comments?post=160"}],"version-history":[{"count":62,"href":"https:\/\/athlerhuys.fr\/index.php\/wp-json\/wp\/v2\/pages\/160\/revisions"}],"predecessor-version":[{"id":1508,"href":"https:\/\/athlerhuys.fr\/index.php\/wp-json\/wp\/v2\/pages\/160\/revisions\/1508"}],"wp:attachment":[{"href":"https:\/\/athlerhuys.fr\/index.php\/wp-json\/wp\/v2\/media?parent=160"}],"curies":[{"name":"wp","href":"https:\/\/api.w.org\/{rel}","templated":true}]}}