{"id":1543,"date":"2026-04-14T10:33:35","date_gmt":"2026-04-14T09:33:35","guid":{"rendered":"https:\/\/athlerhuys.fr\/?page_id=1543"},"modified":"2026-04-14T12:04:23","modified_gmt":"2026-04-14T11:04:23","slug":"documents","status":"publish","type":"page","link":"https:\/\/athlerhuys.fr\/index.php\/le-club\/documents\/","title":{"rendered":"Documents"},"content":{"rendered":"\t\t<div data-elementor-type=\"wp-page\" data-elementor-id=\"1543\" class=\"elementor elementor-1543\">\n\t\t\t\t<div class=\"elementor-element elementor-element-93fae96 e-flex e-con-boxed e-con e-parent\" data-id=\"93fae96\" data-element_type=\"container\" data-e-type=\"container\">\n\t\t\t\t\t<div class=\"e-con-inner\">\n\t\t\t\t<div class=\"elementor-element elementor-element-d4d7c15 elementor-widget elementor-widget-text-editor\" data-id=\"d4d7c15\" data-element_type=\"widget\" data-e-type=\"widget\" data-widget_type=\"text-editor.default\">\n\t\t\t\t\t\t\t\t\t<p>Ici se trouvent les documents qui r\u00e9gissent le fonctionnement du club.<\/p><p>Ils sont tous t\u00e9l\u00e9chargeables.<\/p>\t\t\t\t\t\t\t\t<\/div>\n\t\t\t\t\t<\/div>\n\t\t\t\t<\/div>\n\t\t<div class=\"elementor-element elementor-element-32637f3 e-flex e-con-boxed e-con e-parent\" data-id=\"32637f3\" data-element_type=\"container\" data-e-type=\"container\">\n\t\t\t\t\t<div class=\"e-con-inner\">\n\t\t\t\t<div class=\"elementor-element elementor-element-baf2041 elementor-widget elementor-widget-text-editor\" data-id=\"baf2041\" data-element_type=\"widget\" data-e-type=\"widget\" data-widget_type=\"text-editor.default\">\n\t\t\t\t\t\t\t\t\t<p><span style=\"text-decoration: underline;\"><a href=\"http:\/\/athlerhuys.fr\/wp-content\/uploads\/2025\/10\/25-26-Rgt-Ecole-dathle.pdf\" target=\"_blank\" rel=\"noopener\">R\u00e8glement int\u00e9rieur de l&rsquo;\u00c9cole d&rsquo;athl\u00e9tisme<\/a><\/span><br \/>Inscription, entra\u00eenements, comp\u00e9titions, communication, comportement&#8230;<\/p><p><span style=\"text-decoration: underline;\"><a title=\"Circulaire Financi\u00e8re\" href=\"http:\/\/athlerhuys.fr\/wp-content\/uploads\/2026\/04\/Circulaire-financiere.pdf\" target=\"_blank\" rel=\"noopener\">Circulaire financi\u00e8re<\/a><\/span><br \/>Ce document fixe le montant des diffe\u0301rentes prises en charges financie\u0300res du club pour les athle\u0300tes, dirigeants et encadrants.\u00a0<\/p>\t\t\t\t\t\t\t\t<\/div>\n\t\t\t\t\t<\/div>\n\t\t\t\t<\/div>\n\t\t\t\t<\/div>\n\t\t","protected":false},"excerpt":{"rendered":"<p>Ici se trouvent les documents qui r\u00e9gissent le fonctionnement du club. Ils sont tous t\u00e9l\u00e9chargeables. R\u00e8glement int\u00e9rieur de l&rsquo;\u00c9cole d&rsquo;athl\u00e9tismeInscription, entra\u00eenements, comp\u00e9titions, communication, comportement&#8230; Circulaire financi\u00e8reCe document fixe le montant des diffe\u0301rentes prises en charges financie\u0300res du club pour les athle\u0300tes, dirigeants et encadrants.\u00a0<\/p>\n","protected":false},"author":1,"featured_media":0,"parent":160,"menu_order":0,"comment_status":"closed","ping_status":"closed","template":"","meta":{"om_disable_all_campaigns":false,"_monsterinsights_skip_tracking":false,"_monsterinsights_sitenote_active":false,"_monsterinsights_sitenote_note":"","_monsterinsights_sitenote_category":0,"ocean_post_layout":"","ocean_both_sidebars_style":"","ocean_both_sidebars_content_width":0,"ocean_both_sidebars_sidebars_width":0,"ocean_sidebar":"","ocean_second_sidebar":"","ocean_disable_margins":"enable","ocean_add_body_class":"","ocean_shortcode_before_top_bar":"","ocean_shortcode_after_top_bar":"","ocean_shortcode_before_header":"","ocean_shortcode_after_header":"","ocean_has_shortcode":"","ocean_shortcode_after_title":"","ocean_shortcode_before_footer_widgets":"","ocean_shortcode_after_footer_widgets":"","ocean_shortcode_before_footer_bottom":"","ocean_shortcode_after_footer_bottom":"","ocean_display_top_bar":"default","ocean_display_header":"default","ocean_header_style":"","ocean_center_header_left_menu":"","ocean_custom_header_template":"","ocean_custom_logo":0,"ocean_custom_retina_logo":0,"ocean_custom_logo_max_width":0,"ocean_custom_logo_tablet_max_width":0,"ocean_custom_logo_mobile_max_width":0,"ocean_custom_logo_max_height":0,"ocean_custom_logo_tablet_max_height":0,"ocean_custom_logo_mobile_max_height":0,"ocean_header_custom_menu":"","ocean_menu_typo_font_family":"","ocean_menu_typo_font_subset":"","ocean_menu_typo_font_size":0,"ocean_menu_typo_font_size_tablet":0,"ocean_menu_typo_font_size_mobile":0,"ocean_menu_typo_font_size_unit":"px","ocean_menu_typo_font_weight":"","ocean_menu_typo_font_weight_tablet":"","ocean_menu_typo_font_weight_mobile":"","ocean_menu_typo_transform":"","ocean_menu_typo_transform_tablet":"","ocean_menu_typo_transform_mobile":"","ocean_menu_typo_line_height":0,"ocean_menu_typo_line_height_tablet":0,"ocean_menu_typo_line_height_mobile":0,"ocean_menu_typo_line_height_unit":"","ocean_menu_typo_spacing":0,"ocean_menu_typo_spacing_tablet":0,"ocean_menu_typo_spacing_mobile":0,"ocean_menu_typo_spacing_unit":"","ocean_menu_link_color":"","ocean_menu_link_color_hover":"","ocean_menu_link_color_active":"","ocean_menu_link_background":"","ocean_menu_link_hover_background":"","ocean_menu_link_active_background":"","ocean_menu_social_links_bg":"","ocean_menu_social_hover_links_bg":"","ocean_menu_social_links_color":"","ocean_menu_social_hover_links_color":"","ocean_disable_title":"default","ocean_disable_heading":"default","ocean_post_title":"","ocean_post_subheading":"","ocean_post_title_style":"","ocean_post_title_background_color":"","ocean_post_title_background":0,"ocean_post_title_bg_image_position":"","ocean_post_title_bg_image_attachment":"","ocean_post_title_bg_image_repeat":"","ocean_post_title_bg_image_size":"","ocean_post_title_height":0,"ocean_post_title_bg_overlay":0.5,"ocean_post_title_bg_overlay_color":"","ocean_disable_breadcrumbs":"default","ocean_breadcrumbs_color":"","ocean_breadcrumbs_separator_color":"","ocean_breadcrumbs_links_color":"","ocean_breadcrumbs_links_hover_color":"","ocean_display_footer_widgets":"default","ocean_display_footer_bottom":"default","ocean_custom_footer_template":"","omw_enable_modal_window":"enable","footnotes":""},"class_list":["post-1543","page","type-page","status-publish","hentry","entry"],"aioseo_notices":[],"_links":{"self":[{"href":"https:\/\/athlerhuys.fr\/index.php\/wp-json\/wp\/v2\/pages\/1543","targetHints":{"allow":["GET"]}}],"collection":[{"href":"https:\/\/athlerhuys.fr\/index.php\/wp-json\/wp\/v2\/pages"}],"about":[{"href":"https:\/\/athlerhuys.fr\/index.php\/wp-json\/wp\/v2\/types\/page"}],"author":[{"embeddable":true,"href":"https:\/\/athlerhuys.fr\/index.php\/wp-json\/wp\/v2\/users\/1"}],"replies":[{"embeddable":true,"href":"https:\/\/athlerhuys.fr\/index.php\/wp-json\/wp\/v2\/comments?post=1543"}],"version-history":[{"count":34,"href":"https:\/\/athlerhuys.fr\/index.php\/wp-json\/wp\/v2\/pages\/1543\/revisions"}],"predecessor-version":[{"id":1584,"href":"https:\/\/athlerhuys.fr\/index.php\/wp-json\/wp\/v2\/pages\/1543\/revisions\/1584"}],"up":[{"embeddable":true,"href":"https:\/\/athlerhuys.fr\/index.php\/wp-json\/wp\/v2\/pages\/160"}],"wp:attachment":[{"href":"https:\/\/athlerhuys.fr\/index.php\/wp-json\/wp\/v2\/media?parent=1543"}],"curies":[{"name":"wp","href":"https:\/\/api.w.org\/{rel}","templated":true}]}}