{"id":143,"date":"2025-10-16T15:35:22","date_gmt":"2025-10-16T14:35:22","guid":{"rendered":"https:\/\/athlerk.cluster100.hosting.ovh.net\/?p=143"},"modified":"2025-12-18T16:17:41","modified_gmt":"2025-12-18T15:17:41","slug":"eveil-athletique-et-poussins","status":"publish","type":"page","link":"https:\/\/athlerhuys.fr\/index.php\/eveil-athletique-et-poussins\/","title":{"rendered":"\u00c9veil athl\u00e9tique et Poussins"},"content":{"rendered":"\t\t<div data-elementor-type=\"wp-post\" data-elementor-id=\"143\" class=\"elementor elementor-143\">\n\t\t\t\t<div class=\"elementor-element elementor-element-2eb129f e-con-full e-flex e-con e-parent\" data-id=\"2eb129f\" data-element_type=\"container\">\n\t\t\t\t<div class=\"elementor-element elementor-element-ed0b753 elementor-widget elementor-widget-text-editor\" data-id=\"ed0b753\" data-element_type=\"widget\" data-widget_type=\"text-editor.default\">\n\t\t\t\t\t\t\t\t\t<p>Vous souhaitez inscrire votre enfant \u00e0 Athl\u00e9-Rhuys pour la saison 2025-2026,<br \/><a href=\"http:\/\/athlerhuys.fr\/wp-content\/uploads\/2025\/10\/Adh-Enfants-25-26.pdf\"><span style=\"text-decoration: underline;\">le dossier d&rsquo;adh\u00e9sion se trouve ici<\/span><\/a><\/p>\t\t\t\t\t\t\t\t<\/div>\n\t\t\t\t<div class=\"elementor-element elementor-element-cc037dc elementor-widget__width-initial elementor-widget-tablet__width-initial elementor-widget elementor-widget-image\" data-id=\"cc037dc\" data-element_type=\"widget\" data-widget_type=\"image.default\">\n\t\t\t\t\t\t\t\t\t\t\t\t<figure class=\"wp-caption\">\n\t\t\t\t\t\t\t\t\t\t<img fetchpriority=\"high\" decoding=\"async\" width=\"768\" height=\"329\" src=\"https:\/\/athlerhuys.fr\/wp-content\/uploads\/2025\/10\/PassSport-crop-768x329.png\" class=\"attachment-medium_large size-medium_large wp-image-572\" alt=\"\" srcset=\"https:\/\/athlerhuys.fr\/wp-content\/uploads\/2025\/10\/PassSport-crop-768x329.png 768w, https:\/\/athlerhuys.fr\/wp-content\/uploads\/2025\/10\/PassSport-crop-300x129.png 300w, https:\/\/athlerhuys.fr\/wp-content\/uploads\/2025\/10\/PassSport-crop-1024x439.png 1024w, https:\/\/athlerhuys.fr\/wp-content\/uploads\/2025\/10\/PassSport-crop.png 1532w\" sizes=\"(max-width: 768px) 100vw, 768px\" \/>\t\t\t\t\t\t\t\t\t\t\t<figcaption class=\"widget-image-caption wp-caption-text\">Le 22 juin 2025, dernier entra\u00eenement de la saison, les enfants ont re\u00e7u leur Pass'Sport 2025.<\/figcaption>\n\t\t\t\t\t\t\t\t\t\t<\/figure>\n\t\t\t\t\t\t\t\t\t<\/div>\n\t\t\t\t<div class=\"elementor-element elementor-element-12b558d elementor-widget elementor-widget-heading\" data-id=\"12b558d\" data-element_type=\"widget\" data-widget_type=\"heading.default\">\n\t\t\t\t\t<h2 class=\"elementor-heading-title elementor-size-default\">Informations g\u00e9n\u00e9rales<\/h2>\t\t\t\t<\/div>\n\t\t\t\t<div class=\"elementor-element elementor-element-40375316 elementor-widget__width-initial elementor-widget-tablet__width-initial elementor-widget elementor-widget-text-editor\" data-id=\"40375316\" data-element_type=\"widget\" data-widget_type=\"text-editor.default\">\n\t\t\t\t\t\t\t\t\t\n<p>Samedi 14 septembre\u00a0: d\u00e9but des entrainements de 9h45 \u00e0 11h\u00a0<\/p>\n<p>Samedi 21 Juin\u00a0: dernier entrainement<\/p>\n<p>Pas d\u2019entrainement pendant les vacances scolaires et le pont de l\u2019ascension. <br \/>Entrainement tous les samedis avant les vacances scolaires\u00a0: soit les : 19\/10, 21\/12, 08\/02 et 05\/04<\/p>\n<p>L\u2019\u00e9chauffement commencera toujours \u00e0 9h45. <br \/>La ponctualit\u00e9 est importante. <br \/>Pr\u00e9voir gourde et tenue adapt\u00e9e.<br \/>Entrainement soit dans la salle COSEC (\u00e0 c\u00f4t\u00e9 de la piste) soit sur la piste en fonction de la m\u00e9t\u00e9o<\/p>\n\t\t\t\t\t\t\t\t<\/div>\n\t\t\t\t<div class=\"elementor-element elementor-element-4ccffbd elementor-widget elementor-widget-text-editor\" data-id=\"4ccffbd\" data-element_type=\"widget\" data-widget_type=\"text-editor.default\">\n\t\t\t\t\t\t\t\t\t<p>temps forts de l&rsquo;ann\u00e9e<\/p>\t\t\t\t\t\t\t\t<\/div>\n\t\t\t\t<div class=\"elementor-element elementor-element-4c53e56 elementor-widget__width-initial elementor-widget-tablet__width-initial elementor-widget-mobile__width-initial elementor-widget elementor-widget-text-editor\" data-id=\"4c53e56\" data-element_type=\"widget\" data-widget_type=\"text-editor.default\">\n\t\t\t\t\t\t\t\t\t<p>\u261eAu moment de Noel\u00a0: partage d\u2019un gouter<\/p>\n<p>\u261eEn Janvier\/f\u00e9vrier et Juin :<br \/>S\u00e9ances d\u2019\u00e9valuation des progr\u00e8s moteurs de votre enfant.<br \/>Pr\u00e9sence aux entrainements n\u00e9cessaires pour pouvoir valider le \u00ab Pass\u2019athl\u00e9 \u00bb pour l\u2019obtention du badge de fin d\u2019ann\u00e9e. <br \/>Le programme \u00ab Pass\u2019athl\u00e9 \u00bb se d\u00e9cline en diff\u00e9rents niveaux adapt\u00e9s \u00e0 la cat\u00e9gorie d\u2019\u00e2ge de votre enfant <br \/>(plus de renseignements : pass-athle.fr)<\/p>\n<p>\u261e<strong>Le samedi matin 4 avril, rencontre inter-club \u00e0 Sarzeau<\/strong>\u00a0<br \/>Nous aurons besoin de parents b\u00e9n\u00e9voles pour organiser cette rencontre<\/p>\n<p>\u261eEn juin\u00a0: porte ouverte de l\u2019\u00e9cole\u00a0<\/p>\n<p>\u261eSamedi 21 Juin : remise des Pass&rsquo;Sport<\/p>\t\t\t\t\t\t\t\t<\/div>\n\t\t\t\t<div class=\"elementor-element elementor-element-a41d8e1 elementor-widget elementor-widget-heading\" data-id=\"a41d8e1\" data-element_type=\"widget\" data-widget_type=\"heading.default\">\n\t\t\t\t\t<h4 class=\"elementor-heading-title elementor-size-default\">Calendrier des rencontres inter-clubs<\/h4>\t\t\t\t<\/div>\n\t\t<div class=\"elementor-element elementor-element-718ef81 e-grid e-con-full e-con e-child\" data-id=\"718ef81\" data-element_type=\"container\" data-settings=\"{&quot;background_background&quot;:&quot;classic&quot;}\">\n\t\t\t\t<div class=\"elementor-element elementor-element-229da87 elementor-widget elementor-widget-heading\" data-id=\"229da87\" data-element_type=\"widget\" data-widget_type=\"heading.default\">\n\t\t\t\t\t<h5 class=\"elementor-heading-title elementor-size-default\">Type<\/h5>\t\t\t\t<\/div>\n\t\t\t\t<div class=\"elementor-element elementor-element-2e2df2a elementor-widget elementor-widget-heading\" data-id=\"2e2df2a\" data-element_type=\"widget\" data-widget_type=\"heading.default\">\n\t\t\t\t\t<h5 class=\"elementor-heading-title elementor-size-default\">Date<\/h5>\t\t\t\t<\/div>\n\t\t\t\t<div class=\"elementor-element elementor-element-06c97e2 elementor-widget elementor-widget-heading\" data-id=\"06c97e2\" data-element_type=\"widget\" data-widget_type=\"heading.default\">\n\t\t\t\t\t<h2 class=\"elementor-heading-title elementor-size-default\">Lieu<\/h2>\t\t\t\t<\/div>\n\t\t\t\t<div class=\"elementor-element elementor-element-5554927 elementor-widget elementor-widget-heading\" data-id=\"5554927\" data-element_type=\"widget\" data-widget_type=\"heading.default\">\n\t\t\t\t\t<h2 class=\"elementor-heading-title elementor-size-default\">Relais cross<\/h2>\t\t\t\t<\/div>\n\t\t\t\t<div class=\"elementor-element elementor-element-5f69835 elementor-widget elementor-widget-heading\" data-id=\"5f69835\" data-element_type=\"widget\" data-widget_type=\"heading.default\">\n\t\t\t\t\t<h2 class=\"elementor-heading-title elementor-size-default\">Samedi 11 octobre<\/h2>\t\t\t\t<\/div>\n\t\t\t\t<div class=\"elementor-element elementor-element-fdd25c9 elementor-widget elementor-widget-heading\" data-id=\"fdd25c9\" data-element_type=\"widget\" data-widget_type=\"heading.default\">\n\t\t\t\t\t<h6 class=\"elementor-heading-title elementor-size-default\">Theix<\/h6>\t\t\t\t<\/div>\n\t\t\t\t<div class=\"elementor-element elementor-element-b23aea8 elementor-widget elementor-widget-heading\" data-id=\"b23aea8\" data-element_type=\"widget\" data-widget_type=\"heading.default\">\n\t\t\t\t\t<h6 class=\"elementor-heading-title elementor-size-default\">Anim'athl\u00e9<\/h6>\t\t\t\t<\/div>\n\t\t\t\t<div class=\"elementor-element elementor-element-51f3420 elementor-widget elementor-widget-heading\" data-id=\"51f3420\" data-element_type=\"widget\" data-widget_type=\"heading.default\">\n\t\t\t\t\t<h6 class=\"elementor-heading-title elementor-size-default\">Samedi 22 novembre<\/h6>\t\t\t\t<\/div>\n\t\t\t\t<div class=\"elementor-element elementor-element-60abc08 elementor-widget elementor-widget-heading\" data-id=\"60abc08\" data-element_type=\"widget\" data-widget_type=\"heading.default\">\n\t\t\t\t\t<h6 class=\"elementor-heading-title elementor-size-default\">Arradon<\/h6>\t\t\t\t<\/div>\n\t\t\t\t<div class=\"elementor-element elementor-element-def11fd elementor-widget elementor-widget-heading\" data-id=\"def11fd\" data-element_type=\"widget\" data-widget_type=\"heading.default\">\n\t\t\t\t\t<h6 class=\"elementor-heading-title elementor-size-default\">Champ. Dep. cross PO<\/h6>\t\t\t\t<\/div>\n\t\t\t\t<div class=\"elementor-element elementor-element-6b28c6a elementor-widget elementor-widget-heading\" data-id=\"6b28c6a\" data-element_type=\"widget\" data-widget_type=\"heading.default\">\n\t\t\t\t\t<h6 class=\"elementor-heading-title elementor-size-default\">Dimanche 18 janvier<\/h6>\t\t\t\t<\/div>\n\t\t\t\t<div class=\"elementor-element elementor-element-469017d elementor-widget elementor-widget-heading\" data-id=\"469017d\" data-element_type=\"widget\" data-widget_type=\"heading.default\">\n\t\t\t\t\t<h6 class=\"elementor-heading-title elementor-size-default\">Carnac<\/h6>\t\t\t\t<\/div>\n\t\t\t\t<div class=\"elementor-element elementor-element-dc38ddb elementor-widget elementor-widget-heading\" data-id=\"dc38ddb\" data-element_type=\"widget\" data-widget_type=\"heading.default\">\n\t\t\t\t\t<h6 class=\"elementor-heading-title elementor-size-default\">Anim'athl\u00e9<\/h6>\t\t\t\t<\/div>\n\t\t\t\t<div class=\"elementor-element elementor-element-67a9809 elementor-widget elementor-widget-heading\" data-id=\"67a9809\" data-element_type=\"widget\" data-widget_type=\"heading.default\">\n\t\t\t\t\t<h6 class=\"elementor-heading-title elementor-size-default\">Samedi 7 f\u00e9vrier<\/h6>\t\t\t\t<\/div>\n\t\t\t\t<div class=\"elementor-element elementor-element-1f6ecb5 elementor-widget elementor-widget-heading\" data-id=\"1f6ecb5\" data-element_type=\"widget\" data-widget_type=\"heading.default\">\n\t\t\t\t\t<h6 class=\"elementor-heading-title elementor-size-default\">Auray<\/h6>\t\t\t\t<\/div>\n\t\t\t\t<div class=\"elementor-element elementor-element-0cce9b5 elementor-widget elementor-widget-heading\" data-id=\"0cce9b5\" data-element_type=\"widget\" data-widget_type=\"heading.default\">\n\t\t\t\t\t<h6 class=\"elementor-heading-title elementor-size-default\">Finale cross d\u00e9p.<\/h6>\t\t\t\t<\/div>\n\t\t\t\t<div class=\"elementor-element elementor-element-4813045 elementor-widget elementor-widget-heading\" data-id=\"4813045\" data-element_type=\"widget\" data-widget_type=\"heading.default\">\n\t\t\t\t\t<h6 class=\"elementor-heading-title elementor-size-default\">Samedi 14 mars<\/h6>\t\t\t\t<\/div>\n\t\t\t\t<div class=\"elementor-element elementor-element-8774cdb elementor-widget elementor-widget-heading\" data-id=\"8774cdb\" data-element_type=\"widget\" data-widget_type=\"heading.default\">\n\t\t\t\t\t<h6 class=\"elementor-heading-title elementor-size-default\">Saint-Av\u00e9<\/h6>\t\t\t\t<\/div>\n\t\t\t\t<div class=\"elementor-element elementor-element-d1d65e7 elementor-widget elementor-widget-heading\" data-id=\"d1d65e7\" data-element_type=\"widget\" data-widget_type=\"heading.default\">\n\t\t\t\t\t<h6 class=\"elementor-heading-title elementor-size-default\">Anim'athl\u00e9<\/h6>\t\t\t\t<\/div>\n\t\t\t\t<div class=\"elementor-element elementor-element-72bb517 elementor-widget elementor-widget-heading\" data-id=\"72bb517\" data-element_type=\"widget\" data-widget_type=\"heading.default\">\n\t\t\t\t\t<h6 class=\"elementor-heading-title elementor-size-default\">Samedi 28 mars<\/h6>\t\t\t\t<\/div>\n\t\t\t\t<div class=\"elementor-element elementor-element-8ca6e4d elementor-widget elementor-widget-heading\" data-id=\"8ca6e4d\" data-element_type=\"widget\" data-widget_type=\"heading.default\">\n\t\t\t\t\t<h6 class=\"elementor-heading-title elementor-size-default\">Sarzeau<\/h6>\t\t\t\t<\/div>\n\t\t\t\t<div class=\"elementor-element elementor-element-27efeb5 elementor-widget elementor-widget-heading\" data-id=\"27efeb5\" data-element_type=\"widget\" data-widget_type=\"heading.default\">\n\t\t\t\t\t<h6 class=\"elementor-heading-title elementor-size-default\">Anim'athl\u00e9 Dep.<\/h6>\t\t\t\t<\/div>\n\t\t\t\t<div class=\"elementor-element elementor-element-6b173fe elementor-widget elementor-widget-heading\" data-id=\"6b173fe\" data-element_type=\"widget\" data-widget_type=\"heading.default\">\n\t\t\t\t\t<h6 class=\"elementor-heading-title elementor-size-default\">Samedi 6 juin<\/h6>\t\t\t\t<\/div>\n\t\t\t\t<div class=\"elementor-element elementor-element-16d004f elementor-widget elementor-widget-heading\" data-id=\"16d004f\" data-element_type=\"widget\" data-widget_type=\"heading.default\">\n\t\t\t\t\t<h6 class=\"elementor-heading-title elementor-size-default\">Larmor-Plage<\/h6>\t\t\t\t<\/div>\n\t\t\t\t<\/div>\n\t\t\t\t<div class=\"elementor-element elementor-element-a887128 elementor-widget elementor-widget-text-editor\" data-id=\"a887128\" data-element_type=\"widget\" data-widget_type=\"text-editor.default\">\n\t\t\t\t\t\t\t\t\t<p>Vous souhaitez inscrire votre enfant \u00e0 Athl\u00e9-Rhuys pour la saison 2025-2026,<br \/><a href=\"http:\/\/athlerhuys.fr\/wp-content\/uploads\/2025\/10\/Adh-Enfants-25-26.pdf\"><span style=\"text-decoration: underline;\">le dossier d&rsquo;adh\u00e9sion se trouve ici<\/span><\/a><\/p>\t\t\t\t\t\t\t\t<\/div>\n\t\t\t\t<\/div>\n\t\t\t\t<\/div>\n\t\t","protected":false},"excerpt":{"rendered":"<p>Vous souhaitez inscrire votre enfant \u00e0 Athl\u00e9-Rhuys pour la saison 2025-2026,le dossier d&rsquo;adh\u00e9sion se trouve ici Le 22 juin 2025, dernier entra\u00eenement de la saison, les enfants ont re\u00e7u leur Pass&rsquo;Sport 2025. Informations g\u00e9n\u00e9rales Samedi 14 septembre\u00a0: d\u00e9but des entrainements de 9h45 \u00e0 11h\u00a0 Samedi 21 Juin\u00a0: dernier entrainement Pas d\u2019entrainement pendant les vacances scolaires [&hellip;]<\/p>\n","protected":false},"author":1,"featured_media":0,"parent":0,"menu_order":0,"comment_status":"closed","ping_status":"closed","template":"","meta":{"om_disable_all_campaigns":false,"_monsterinsights_skip_tracking":false,"_monsterinsights_sitenote_active":false,"_monsterinsights_sitenote_note":"","_monsterinsights_sitenote_category":0,"ocean_post_layout":"","ocean_both_sidebars_style":"","ocean_both_sidebars_content_width":0,"ocean_both_sidebars_sidebars_width":0,"ocean_sidebar":"","ocean_second_sidebar":"","ocean_disable_margins":"enable","ocean_add_body_class":"","ocean_shortcode_before_top_bar":"","ocean_shortcode_after_top_bar":"","ocean_shortcode_before_header":"","ocean_shortcode_after_header":"","ocean_has_shortcode":"","ocean_shortcode_after_title":"","ocean_shortcode_before_footer_widgets":"","ocean_shortcode_after_footer_widgets":"","ocean_shortcode_before_footer_bottom":"","ocean_shortcode_after_footer_bottom":"","ocean_display_top_bar":"default","ocean_display_header":"default","ocean_header_style":"","ocean_center_header_left_menu":"","ocean_custom_header_template":"","ocean_custom_logo":0,"ocean_custom_retina_logo":0,"ocean_custom_logo_max_width":0,"ocean_custom_logo_tablet_max_width":0,"ocean_custom_logo_mobile_max_width":0,"ocean_custom_logo_max_height":0,"ocean_custom_logo_tablet_max_height":0,"ocean_custom_logo_mobile_max_height":0,"ocean_header_custom_menu":"","ocean_menu_typo_font_family":"","ocean_menu_typo_font_subset":"","ocean_menu_typo_font_size":0,"ocean_menu_typo_font_size_tablet":0,"ocean_menu_typo_font_size_mobile":0,"ocean_menu_typo_font_size_unit":"px","ocean_menu_typo_font_weight":"","ocean_menu_typo_font_weight_tablet":"","ocean_menu_typo_font_weight_mobile":"","ocean_menu_typo_transform":"","ocean_menu_typo_transform_tablet":"","ocean_menu_typo_transform_mobile":"","ocean_menu_typo_line_height":0,"ocean_menu_typo_line_height_tablet":0,"ocean_menu_typo_line_height_mobile":0,"ocean_menu_typo_line_height_unit":"","ocean_menu_typo_spacing":0,"ocean_menu_typo_spacing_tablet":0,"ocean_menu_typo_spacing_mobile":0,"ocean_menu_typo_spacing_unit":"","ocean_menu_link_color":"","ocean_menu_link_color_hover":"","ocean_menu_link_color_active":"","ocean_menu_link_background":"","ocean_menu_link_hover_background":"","ocean_menu_link_active_background":"","ocean_menu_social_links_bg":"","ocean_menu_social_hover_links_bg":"","ocean_menu_social_links_color":"","ocean_menu_social_hover_links_color":"","ocean_disable_title":"default","ocean_disable_heading":"default","ocean_post_title":"","ocean_post_subheading":"","ocean_post_title_style":"","ocean_post_title_background_color":"","ocean_post_title_background":0,"ocean_post_title_bg_image_position":"","ocean_post_title_bg_image_attachment":"","ocean_post_title_bg_image_repeat":"","ocean_post_title_bg_image_size":"","ocean_post_title_height":0,"ocean_post_title_bg_overlay":0.5,"ocean_post_title_bg_overlay_color":"","ocean_disable_breadcrumbs":"default","ocean_breadcrumbs_color":"","ocean_breadcrumbs_separator_color":"","ocean_breadcrumbs_links_color":"","ocean_breadcrumbs_links_hover_color":"","ocean_display_footer_widgets":"default","ocean_display_footer_bottom":"default","ocean_custom_footer_template":"","omw_enable_modal_window":"enable","footnotes":""},"class_list":["post-143","page","type-page","status-publish","hentry","entry"],"aioseo_notices":[],"_links":{"self":[{"href":"https:\/\/athlerhuys.fr\/index.php\/wp-json\/wp\/v2\/pages\/143","targetHints":{"allow":["GET"]}}],"collection":[{"href":"https:\/\/athlerhuys.fr\/index.php\/wp-json\/wp\/v2\/pages"}],"about":[{"href":"https:\/\/athlerhuys.fr\/index.php\/wp-json\/wp\/v2\/types\/page"}],"author":[{"embeddable":true,"href":"https:\/\/athlerhuys.fr\/index.php\/wp-json\/wp\/v2\/users\/1"}],"replies":[{"embeddable":true,"href":"https:\/\/athlerhuys.fr\/index.php\/wp-json\/wp\/v2\/comments?post=143"}],"version-history":[{"count":75,"href":"https:\/\/athlerhuys.fr\/index.php\/wp-json\/wp\/v2\/pages\/143\/revisions"}],"predecessor-version":[{"id":1511,"href":"https:\/\/athlerhuys.fr\/index.php\/wp-json\/wp\/v2\/pages\/143\/revisions\/1511"}],"wp:attachment":[{"href":"https:\/\/athlerhuys.fr\/index.php\/wp-json\/wp\/v2\/media?parent=143"}],"curies":[{"name":"wp","href":"https:\/\/api.w.org\/{rel}","templated":true}]}}